{"id":3312765,"date":"2024-02-12T13:55:52","date_gmt":"2024-02-12T12:55:52","guid":{"rendered":"https:\/\/dev.stockholmsmassan.se\/prior-to-your-visit\/parking\/"},"modified":"2026-03-18T10:42:50","modified_gmt":"2026-03-18T09:42:50","slug":"parking","status":"publish","type":"page","link":"https:\/\/stockholmsmassan.se\/en\/prior-to-your-visit\/parking\/","title":{"rendered":"Parking"},"content":{"rendered":"<p>[et_pb_section fb_built=&#8221;1&#8243; custom_padding_last_edited=&#8221;on|phone&#8221; admin_label=&#8221;Hero&#8221; _builder_version=&#8221;4.27.4&#8243; _module_preset=&#8221;dcffbe7c-d829-4b92-9e28-730b66b1c6df&#8221; background_color=&#8221;#FCA89D&#8221; custom_margin_tablet=&#8221;&#8221; custom_margin_phone=&#8221;&#8221; custom_margin_last_edited=&#8221;on|phone&#8221; custom_padding_tablet=&#8221;&#8221; custom_padding_phone=&#8221;&#8221; global_colors_info=&#8221;{}&#8221; custom_days_label_text=&#8221;Dagar&#8221; custom_hours_label_text=&#8221;Timmar&#8221; custom_minutes_label_text=&#8221;Minuter&#8221; custom_seconds_label_text=&#8221;Sekunder&#8221;][et_pb_row column_structure=&#8221;1_2,1_2&#8243; custom_padding_last_edited=&#8221;on|phone&#8221; _builder_version=&#8221;4.24.0&#8243; _module_preset=&#8221;_initial&#8221; width_tablet=&#8221;100%&#8221; width_phone=&#8221;100%&#8221; custom_margin_tablet=&#8221;&#8221; custom_margin_phone=&#8221;&#8221; custom_margin_last_edited=&#8221;on|phone&#8221; custom_padding=&#8221;0px||0px||true|false&#8221; custom_padding_tablet=&#8221;40px||40px||true|false&#8221; custom_padding_phone=&#8221;40px||40px||true|false&#8221; global_colors_info=&#8221;{}&#8221; custom_days_label_text=&#8221;Dagar&#8221; custom_hours_label_text=&#8221;Timmar&#8221; custom_minutes_label_text=&#8221;Minuter&#8221; custom_seconds_label_text=&#8221;Sekunder&#8221;][et_pb_column type=&#8221;1_2&#8243; _builder_version=&#8221;4.24.0&#8243; _module_preset=&#8221;default&#8221; custom_padding=&#8221;10%||40px||false|false&#8221; custom_padding_tablet=&#8221;0%|5%|30px|5%|false|true&#8221; custom_padding_phone=&#8221;||26px||false|true&#8221; custom_padding_last_edited=&#8221;on|phone&#8221; global_colors_info=&#8221;{}&#8221; custom_days_label_text=&#8221;Dagar&#8221; custom_hours_label_text=&#8221;Timmar&#8221; custom_minutes_label_text=&#8221;Minuter&#8221; custom_seconds_label_text=&#8221;Sekunder&#8221;][et_pb_text _builder_version=&#8221;4.27.4&#8243; _module_preset=&#8221;97a06755-12f6-449b-a85f-985853f9faa2&#8243; max_width_tablet=&#8221;100%&#8221; max_width_phone=&#8221;100%&#8221; max_width_last_edited=&#8221;on|desktop&#8221; global_colors_info=&#8221;{}&#8221; custom_days_label_text=&#8221;Dagar&#8221; custom_hours_label_text=&#8221;Timmar&#8221; custom_minutes_label_text=&#8221;Minuter&#8221; custom_seconds_label_text=&#8221;Sekunder&#8221;]<\/p>\n<h1>Parking<\/h1>\n<p>[\/et_pb_text][et_pb_text _builder_version=&#8221;4.27.4&#8243; _module_preset=&#8221;7c76edb1-7fe9-478a-9753-6b58dafa48b7&#8243; custom_padding=&#8221;||0px|||&#8221; global_colors_info=&#8221;{}&#8221; custom_days_label_text=&#8221;Dagar&#8221; custom_hours_label_text=&#8221;Timmar&#8221; custom_minutes_label_text=&#8221;Minuter&#8221; custom_seconds_label_text=&#8221;Sekunder&#8221;]<\/p>\n<p>We have a total of 2000 parking spaces in our garage and in the open parking lots around Stockholmsm\u00e4ssan. In addition, there are about 300 parking spaces in the immediate area. <\/p>\n<p>[\/et_pb_text][\/et_pb_column][et_pb_column type=&#8221;1_2&#8243; _builder_version=&#8221;4.24.0&#8243; _module_preset=&#8221;default&#8221; custom_padding_tablet=&#8221;&#8221; custom_padding_phone=&#8221;||||false|false&#8221; custom_padding_last_edited=&#8221;on|phone&#8221; global_colors_info=&#8221;{}&#8221; custom_days_label_text=&#8221;Dagar&#8221; custom_hours_label_text=&#8221;Timmar&#8221; custom_minutes_label_text=&#8221;Minuter&#8221; custom_seconds_label_text=&#8221;Sekunder&#8221;][et_pb_image src=&#8221;https:\/\/stockholmsmassan.se\/wp-content\/uploads\/2024\/03\/parkering-infor-ditt-besok-stockholmsmassan-640x640px.jpg&#8221; alt=&#8221;person wearing a yellow vest and pointing to the parking lot&#8221; title_text=&#8221;parking-before-your-visit-stockholm-fair-640x640px&#8221; show_bottom_space=&#8221;off&#8221; align=&#8221;right&#8221; force_fullwidth=&#8221;on&#8221; disabled_on=&#8221;on|on|off&#8221; _builder_version=&#8221;4.27.4&#8243; _module_preset=&#8221;default&#8221; background_color=&#8221;#002E77&#8243; global_colors_info=&#8221;{}&#8221; custom_days_label_text=&#8221;Dagar&#8221; custom_hours_label_text=&#8221;Timmar&#8221; custom_minutes_label_text=&#8221;Minuter&#8221; custom_seconds_label_text=&#8221;Sekunder&#8221;][\/et_pb_image][\/et_pb_column][\/et_pb_row][\/et_pb_section][et_pb_section fb_built=&#8221;1&#8243; admin_label=&#8221;FAQ&#8221; _builder_version=&#8221;4.24.0&#8243; _module_preset=&#8221;default&#8221; background_color=&#8221;gcid-hnkm362j-crtw-m8j2-xpzq-gn3tj3h68iuz&#8221; global_colors_info=&#8221;{%22gcid-hnkm362j-crtw-m8j2-xpzq-gn3tj3h68iuz%22:%91%22background_color%22%93}&#8221; custom_days_label_text=&#8221;Dagar&#8221; custom_hours_label_text=&#8221;Timmar&#8221; custom_minutes_label_text=&#8221;Minuter&#8221; custom_seconds_label_text=&#8221;Sekunder&#8221;][et_pb_row _builder_version=&#8221;4.23.4&#8243; _module_preset=&#8221;default&#8221; global_colors_info=&#8221;{}&#8221; custom_days_label_text=&#8221;Dagar&#8221; custom_hours_label_text=&#8221;Timmar&#8221; custom_minutes_label_text=&#8221;Minuter&#8221; custom_seconds_label_text=&#8221;Sekunder&#8221;][et_pb_column type=&#8221;4_4&#8243; _builder_version=&#8221;4.23.4&#8243; _module_preset=&#8221;default&#8221; global_colors_info=&#8221;{}&#8221; custom_days_label_text=&#8221;Dagar&#8221; custom_hours_label_text=&#8221;Timmar&#8221; custom_minutes_label_text=&#8221;Minuter&#8221; custom_seconds_label_text=&#8221;Sekunder&#8221;][et_pb_toggle title=&#8221;Parking spaces&#8221; _builder_version=&#8221;4.27.5&#8243; _module_preset=&#8221;default&#8221; link_option_url=&#8221;https:\/\/stockholmsmassan.se\/wp-content\/uploads\/2026\/01\/SM-parkeringar-20260114_Liggande-1.webp&#8221; link_option_url_new_window=&#8221;on&#8221; hover_enabled=&#8221;0&#8243; title_text_color_tablet=&#8221;&#8221; title_text_color_phone=&#8221;&#8221; title_text_color_last_edited=&#8221;on|desktop&#8221; global_colors_info=&#8221;{%22gcid-3qvkiclf-cbga-i7f8-1xx5-l82f0oh7yg2p%22:%91%22icon_color%22,%22open_toggle_background_color%22,%22closed_toggle_text_color%22,%22border_color_all__hover%22%93,%22gcid-m0fraqv3-qztm-9290-df11-7p07yu2mtcg6%22:%91%22open_icon_color%22,%22closed_toggle_background_color%22,%22open_toggle_text_color%22,%22body_text_color%22%93}&#8221; custom_days_label_text=&#8221;Dagar&#8221; custom_hours_label_text=&#8221;Timmar&#8221; custom_minutes_label_text=&#8221;Minuter&#8221; custom_seconds_label_text=&#8221;Sekunder&#8221; sticky_enabled=&#8221;0&#8243;]<\/p>\n<p><a title=\"Overview of our parking areas (jpeg)\" href=\"https:\/\/stockholmsmassan.se\/wp-content\/uploads\/2026\/03\/SM-parkeringar-20260318_Liggande@2x.webp\" target=\"_blank\" rel=\"noopener\">Overview of our parking areas (jpeg, opens in new tab)<\/a><\/p>\n<p>[\/et_pb_toggle][et_pb_toggle title=&#8221;parking permit for people with reduced mobility&#8221; _builder_version=&#8221;4.24.0&#8243; _module_preset=&#8221;default&#8221; title_text_color_tablet=&#8221;&#8221; title_text_color_phone=&#8221;&#8221; title_text_color_last_edited=&#8221;on|desktop&#8221; global_colors_info=&#8221;{%22gcid-3qvkiclf-cbga-i7f8-1xx5-l82f0oh7yg2p%22:%91%22icon_color%22,%22open_toggle_background_color%22,%22closed_toggle_text_color%22,%22border_color_all__hover%22%93,%22gcid-m0fraqv3-qztm-9290-df11-7p07yu2mtcg6%22:%91%22open_icon_color%22,%22closed_toggle_background_color%22,%22open_toggle_text_color%22,%22body_text_color%22%93}&#8221; custom_days_label_text=&#8221;Dagar&#8221; custom_hours_label_text=&#8221;Timmar&#8221; custom_minutes_label_text=&#8221;Minuter&#8221; custom_seconds_label_text=&#8221;Sekunder&#8221;]<\/p>\n<p>We have about 25 parking spaces reserved for disabled parking permit holders. You can find these places in the garage at P1, outside the Scandic Talk hotel and at the eastern entrance. The parking permit also applies to other parking spaces. <\/p>\n<p>[\/et_pb_toggle][et_pb_toggle title=&#8221;Motorcycle parking&#8221; _builder_version=&#8221;4.27.4&#8243; _module_preset=&#8221;default&#8221; link_option_url=&#8221;https:\/\/stockholmsmassan.se\/wp-content\/uploads\/2024\/04\/SM-parkeringar-20221230_FINAL_SVE_liggande-1.jpg&#8221; link_option_url_new_window=&#8221;on&#8221; title_text_color_tablet=&#8221;&#8221; title_text_color_phone=&#8221;&#8221; title_text_color_last_edited=&#8221;on|desktop&#8221; global_colors_info=&#8221;{%22gcid-3qvkiclf-cbga-i7f8-1xx5-l82f0oh7yg2p%22:%91%22icon_color%22,%22open_toggle_background_color%22,%22closed_toggle_text_color%22,%22border_color_all__hover%22%93,%22gcid-m0fraqv3-qztm-9290-df11-7p07yu2mtcg6%22:%91%22open_icon_color%22,%22closed_toggle_background_color%22,%22open_toggle_text_color%22,%22body_text_color%22%93}&#8221; custom_days_label_text=&#8221;Dagar&#8221; custom_hours_label_text=&#8221;Timmar&#8221; custom_minutes_label_text=&#8221;Minuter&#8221; custom_seconds_label_text=&#8221;Sekunder&#8221;]<\/p>\n<p>Motorcycle parking is available in P1 &amp; P2.<br \/><a title=\"Here you can park your motorcycle at Stockholmsm\u00e4ssan (jpeg).\" href=\"https:\/\/stockholmsmassan.se\/wp-content\/uploads\/2024\/08\/SM-parkeringar-20240501_Liggande_SVE.jpg\">Here you can park your motorcycle at Stockholmsm\u00e4ssan (jpeg)<\/a><\/p>\n<p>[\/et_pb_toggle][et_pb_toggle title=&#8221;Bicycle parking&#8221; _builder_version=&#8221;4.27.4&#8243; _module_preset=&#8221;default&#8221; link_option_url=&#8221;https:\/\/stockholmsmassan.se\/wp-content\/uploads\/2024\/04\/SM-parkeringar-20221230_FINAL_SVE_liggande-1.jpg&#8221; link_option_url_new_window=&#8221;on&#8221; title_text_color_tablet=&#8221;&#8221; title_text_color_phone=&#8221;&#8221; title_text_color_last_edited=&#8221;on|desktop&#8221; global_colors_info=&#8221;{%22gcid-3qvkiclf-cbga-i7f8-1xx5-l82f0oh7yg2p%22:%91%22icon_color%22,%22open_toggle_background_color%22,%22closed_toggle_text_color%22,%22border_color_all__hover%22%93,%22gcid-m0fraqv3-qztm-9290-df11-7p07yu2mtcg6%22:%91%22open_icon_color%22,%22closed_toggle_background_color%22,%22open_toggle_text_color%22,%22body_text_color%22%93}&#8221; custom_days_label_text=&#8221;Dagar&#8221; custom_hours_label_text=&#8221;Timmar&#8221; custom_minutes_label_text=&#8221;Minuter&#8221; custom_seconds_label_text=&#8221;Sekunder&#8221;]<\/p>\n<p>Bicycle parking is located opposite the fountain at the main entrance to Stockholmsm\u00e4ssan. There are several bicycle stands on the commuter train slope, next to \u00c4lvsj\u00f6 Station. There are also bicycle garages and bicycle boxes adjacent to the commuter train station.  <\/p>\n<p><a title=\"Here you can park your bike when you visit Stockholmsm\u00e4ssan (jpeg).\" href=\"https:\/\/stockholmsmassan.se\/wp-content\/uploads\/2024\/08\/SM-parkeringar-20240501_Liggande_SVE.jpg\">Here you can park your bike when you visit Stockholmsm\u00e4ssan (jpeg)<\/a><\/p>\n<p>[\/et_pb_toggle][et_pb_toggle title=&#8221;Fee&#8221; _builder_version=&#8221;4.27.4&#8243; _module_preset=&#8221;default&#8221; global_colors_info=&#8221;{%22gcid-3qvkiclf-cbga-i7f8-1xx5-l82f0oh7yg2p%22:%91%22icon_color%22,%22open_toggle_background_color%22,%22closed_toggle_text_color%22,%22icon_color%22,%22open_toggle_background_color%22,%22closed_toggle_text_color%22%93,%22gcid-m0fraqv3-qztm-9290-df11-7p07yu2mtcg6%22:%91%22open_icon_color%22,%22closed_toggle_background_color%22,%22open_toggle_text_color%22,%22body_link_text_color%22%93}&#8221; custom_days_label_text=&#8221;Dagar&#8221; custom_hours_label_text=&#8221;Timmar&#8221; custom_minutes_label_text=&#8221;Minuter&#8221; custom_seconds_label_text=&#8221;Sekunder&#8221;]<\/p>\n<p>The easiest way to pay is with the EasyPark or Parkster payment apps. The area code is clearly indicated at each parking area.<\/p>\n<p>&#8211; In the garage it costs 65 SEK\/hour or 190 SEK\/day until 8:00<br \/>&#8211; Outdoors it costs 55 SEK\/hour or 170 SEK\/day until 8:00<\/p>\n<p>In addition to the above fees, a transaction fee may apply depending on the app and contract you have. Our payment machines also take cards.<\/p>\n<p>[\/et_pb_toggle][et_pb_toggle title=&#8221;Here you can charge your electric car&#8221; _builder_version=&#8221;4.27.4&#8243; _module_preset=&#8221;default&#8221; title_text_color_tablet=&#8221;&#8221; title_text_color_phone=&#8221;&#8221; title_text_color_last_edited=&#8221;on|desktop&#8221; global_colors_info=&#8221;{%22gcid-3qvkiclf-cbga-i7f8-1xx5-l82f0oh7yg2p%22:%91%22icon_color%22,%22open_toggle_background_color%22,%22closed_toggle_text_color%22,%22border_color_all__hover%22%93,%22gcid-m0fraqv3-qztm-9290-df11-7p07yu2mtcg6%22:%91%22open_icon_color%22,%22closed_toggle_background_color%22,%22open_toggle_text_color%22,%22body_text_color%22%93}&#8221; custom_days_label_text=&#8221;Dagar&#8221; custom_hours_label_text=&#8221;Timmar&#8221; custom_minutes_label_text=&#8221;Minuter&#8221; custom_seconds_label_text=&#8221;Sekunder&#8221;]<\/p>\n<p>We have 24 charging points for those who come with an electric car. These can be found at the P2 entrance to the garage. More public charging points are available at \u00c4lvsj\u00f6 idrottsplats infartsparkering, about 450 meters from Stockholmsm\u00e4ssan&#8217;s main entrance. Charging is free of charge, and you only pay the regular parking rate. The electricity used by Stockholm Parkering in its charging stations is marked with good environmental choices and comes from renewable sources.<\/p>\n<p><a title=\"Where to find charging stations for electric cars (jpeg)\" href=\"https:\/\/stockholmsmassan.se\/wp-content\/uploads\/2024\/08\/SM-parkeringar-20240501_Liggande_SVE.jpg\">Where to find charging stations for electric cars (jpeg)<\/a><\/p>\n<p>[\/et_pb_toggle][et_pb_toggle title=&#8221;Parking for exhibitors  &#8221; _builder_version=&#8221;4.24.0&#8243; _module_preset=&#8221;default&#8221; title_text_color_tablet=&#8221;&#8221; title_text_color_phone=&#8221;&#8221; title_text_color_last_edited=&#8221;on|desktop&#8221; global_colors_info=&#8221;{%22gcid-3qvkiclf-cbga-i7f8-1xx5-l82f0oh7yg2p%22:%91%22icon_color%22,%22open_toggle_background_color%22,%22closed_toggle_text_color%22,%22border_color_all__hover%22%93,%22gcid-m0fraqv3-qztm-9290-df11-7p07yu2mtcg6%22:%91%22open_icon_color%22,%22closed_toggle_background_color%22,%22open_toggle_text_color%22,%22body_text_color%22%93}&#8221; custom_days_label_text=&#8221;Dagar&#8221; custom_hours_label_text=&#8221;Timmar&#8221; custom_minutes_label_text=&#8221;Minuter&#8221; custom_seconds_label_text=&#8221;Sekunder&#8221;]<\/p>\n<p>During move-in and move-out, exhibitors with a valid parking ticket can park free of charge. Parking tickets can be collected at the gatehouse or at the information desk.<\/p>\n<p><em>ATTENTION. Parking with this ticket is only valid in Stockholmsm\u00e4ssan&#8217;s parking areas operated by the parking operator Stockholm Stads Parkering AB. Exhibitors are responsible for checking the signage or area code in the app.<\/em><\/p>\n<p>[\/et_pb_toggle][\/et_pb_column][\/et_pb_row][\/et_pb_section][et_pb_section fb_built=&#8221;1&#8243; admin_label=&#8221;Bild 1\/2 + Text 1\/2&#8243; _builder_version=&#8221;4.24.0&#8243; _module_preset=&#8221;default&#8221; background_color=&#8221;gcid-hnkm362j-crtw-m8j2-xpzq-gn3tj3h68iuz&#8221; global_colors_info=&#8221;{%22gcid-hnkm362j-crtw-m8j2-xpzq-gn3tj3h68iuz%22:%91%22background_color%22%93}&#8221; custom_days_label_text=&#8221;Dagar&#8221; custom_hours_label_text=&#8221;Timmar&#8221; custom_minutes_label_text=&#8221;Minuter&#8221; custom_seconds_label_text=&#8221;Sekunder&#8221;][et_pb_row column_structure=&#8221;1_2,1_2&#8243; make_equal=&#8221;on&#8221; module_class=&#8221;image-text&#8221; _builder_version=&#8221;4.24.0&#8243; _module_preset=&#8221;default&#8221; custom_days_label_text=&#8221;Dagar&#8221; custom_hours_label_text=&#8221;Timmar&#8221; custom_minutes_label_text=&#8221;Minuter&#8221; custom_seconds_label_text=&#8221;Sekunder&#8221;][et_pb_column type=&#8221;1_2&#8243; _builder_version=&#8221;4.23.4&#8243; _module_preset=&#8221;default&#8221; global_colors_info=&#8221;{}&#8221; custom_days_label_text=&#8221;Dagar&#8221; custom_hours_label_text=&#8221;Timmar&#8221; custom_minutes_label_text=&#8221;Minuter&#8221; custom_seconds_label_text=&#8221;Sekunder&#8221;][et_pb_image src=&#8221;https:\/\/stockholmsmassan.se\/wp-content\/uploads\/2026\/01\/SM-parkeringar-20260114_Liggande-1.webp&#8221; alt=&#8221;Parking map of Stockholmsm\u00e4ssan&#8221; title_text=&#8221;SM parkeringar-20260114_Liggande&#8221; url=&#8221;https:\/\/stockholmsmassan.se\/wp-content\/uploads\/2024\/08\/SM-parkeringar-20240501_Liggande_SVE.jpg&#8221; url_new_window=&#8221;on&#8221; _builder_version=&#8221;4.27.5&#8243; _module_preset=&#8221;default&#8221; global_colors_info=&#8221;{}&#8221; custom_days_label_text=&#8221;Dagar&#8221; custom_hours_label_text=&#8221;Timmar&#8221; custom_minutes_label_text=&#8221;Minuter&#8221; custom_seconds_label_text=&#8221;Sekunder&#8221;][\/et_pb_image][\/et_pb_column][et_pb_column type=&#8221;1_2&#8243; _builder_version=&#8221;4.23.4&#8243; _module_preset=&#8221;default&#8221; global_colors_info=&#8221;{}&#8221; custom_days_label_text=&#8221;Dagar&#8221; custom_hours_label_text=&#8221;Timmar&#8221; custom_minutes_label_text=&#8221;Minuter&#8221; custom_seconds_label_text=&#8221;Sekunder&#8221;][et_pb_cta title=&#8221;Map of parking&#8221; button_url=&#8221;https:\/\/stockholmsmassan.se\/wp-content\/uploads\/2026\/01\/SM-parkeringar-20260114_Liggande-1.webp&#8221; button_text=&#8221;To the map of parking lots (jpeg)&#8221; _builder_version=&#8221;4.27.5&#8243; _module_preset=&#8221;_initial&#8221; link_option_url=&#8221;https:\/\/stockholmsmassan.se\/wp-content\/uploads\/2026\/01\/SM-parkeringar-20260114_Liggande-1.webp&#8221; global_colors_info=&#8221;{%22gcid-m0fraqv3-qztm-9290-df11-7p07yu2mtcg6%22:%91%22button_text_color%22%93,%22gcid-zqmeyyr1-ozjs-tdol-t9th-kdmdqxufunhr%22:%91%22button_bg_color%22%93,%22gcid-3qvkiclf-cbga-i7f8-1xx5-l82f0oh7yg2p%22:%91%22button_bg_color__hover%22%93}&#8221; button_bg_enable_color__hover=&#8221;on&#8221; custom_days_label_text=&#8221;Dagar&#8221; custom_hours_label_text=&#8221;Timmar&#8221; custom_minutes_label_text=&#8221;Minuter&#8221; custom_seconds_label_text=&#8221;Sekunder&#8221;]<\/p>\n<p>Here is an overview map with all the parking facilities available in connection with Stockholmsm\u00e4ssan&#8217;s facility.<\/p>\n<p>[\/et_pb_cta][\/et_pb_column][\/et_pb_row][\/et_pb_section]<\/p>\n","protected":false},"excerpt":{"rendered":"<p>We have a total of 2000 parking spaces in our garage and in the open parking lots around Stockholmsm\u00e4ssan. In addition, there are about 300 parking spaces in the immediate area. <\/p>\n","protected":false},"author":1,"featured_media":3320784,"parent":3314834,"menu_order":0,"comment_status":"closed","ping_status":"closed","template":"","meta":{"_acf_changed":false,"_et_pb_use_builder":"on","_et_pb_old_content":"","_et_gb_content_width":"","footnotes":""},"hf_cat_page":[],"class_list":["post-3312765","page","type-page","status-publish","has-post-thumbnail","hentry"],"acf":[],"_links":{"self":[{"href":"https:\/\/stockholmsmassan.se\/en\/wp-json\/wp\/v2\/pages\/3312765","targetHints":{"allow":["GET"]}}],"collection":[{"href":"https:\/\/stockholmsmassan.se\/en\/wp-json\/wp\/v2\/pages"}],"about":[{"href":"https:\/\/stockholmsmassan.se\/en\/wp-json\/wp\/v2\/types\/page"}],"author":[{"embeddable":true,"href":"https:\/\/stockholmsmassan.se\/en\/wp-json\/wp\/v2\/users\/1"}],"replies":[{"embeddable":true,"href":"https:\/\/stockholmsmassan.se\/en\/wp-json\/wp\/v2\/comments?post=3312765"}],"version-history":[{"count":18,"href":"https:\/\/stockholmsmassan.se\/en\/wp-json\/wp\/v2\/pages\/3312765\/revisions"}],"predecessor-version":[{"id":3438068,"href":"https:\/\/stockholmsmassan.se\/en\/wp-json\/wp\/v2\/pages\/3312765\/revisions\/3438068"}],"up":[{"embeddable":true,"href":"https:\/\/stockholmsmassan.se\/en\/wp-json\/wp\/v2\/pages\/3314834"}],"wp:featuredmedia":[{"embeddable":true,"href":"https:\/\/stockholmsmassan.se\/en\/wp-json\/wp\/v2\/media\/3320784"}],"wp:attachment":[{"href":"https:\/\/stockholmsmassan.se\/en\/wp-json\/wp\/v2\/media?parent=3312765"}],"wp:term":[{"taxonomy":"hf_cat_page","embeddable":true,"href":"https:\/\/stockholmsmassan.se\/en\/wp-json\/wp\/v2\/hf_cat_page?post=3312765"}],"curies":[{"name":"wp","href":"https:\/\/api.w.org\/{rel}","templated":true}]}}