{"id":3316389,"date":"2024-02-12T14:52:34","date_gmt":"2024-02-12T13:52:34","guid":{"rendered":"https:\/\/dev.stockholmsmassan.se\/prior-to-your-visit\/accessibility\/"},"modified":"2025-11-17T11:46:10","modified_gmt":"2025-11-17T10:46:10","slug":"accessibility","status":"publish","type":"page","link":"https:\/\/stockholmsmassan.se\/en\/prior-to-your-visit\/accessibility\/","title":{"rendered":"Accessibility"},"content":{"rendered":"<p>[et_pb_section fb_built=&#8221;1&#8243; custom_padding_last_edited=&#8221;on|phone&#8221; admin_label=&#8221;Hero&#8221; _builder_version=&#8221;4.27.4&#8243; _module_preset=&#8221;dcffbe7c-d829-4b92-9e28-730b66b1c6df&#8221; background_color=&#8221;#FCA89D&#8221; custom_margin_tablet=&#8221;&#8221; custom_margin_phone=&#8221;&#8221; custom_margin_last_edited=&#8221;on|phone&#8221; custom_padding_tablet=&#8221;&#8221; custom_padding_phone=&#8221;&#8221; global_colors_info=&#8221;{}&#8221;][et_pb_row column_structure=&#8221;1_2,1_2&#8243; custom_padding_last_edited=&#8221;on|phone&#8221; _builder_version=&#8221;4.24.0&#8243; _module_preset=&#8221;_initial&#8221; width_tablet=&#8221;100%&#8221; width_phone=&#8221;100%&#8221; custom_margin_tablet=&#8221;&#8221; custom_margin_phone=&#8221;&#8221; custom_margin_last_edited=&#8221;on|phone&#8221; custom_padding=&#8221;0px||0px||true|false&#8221; custom_padding_tablet=&#8221;40px||40px||true|false&#8221; custom_padding_phone=&#8221;40px||40px||true|false&#8221;][et_pb_column type=&#8221;1_2&#8243; _builder_version=&#8221;4.24.0&#8243; _module_preset=&#8221;default&#8221; custom_padding=&#8221;10%||40px||false|false&#8221; custom_padding_tablet=&#8221;0%|5%|30px|5%|false|true&#8221; custom_padding_phone=&#8221;||26px||false|true&#8221; custom_padding_last_edited=&#8221;on|phone&#8221; global_colors_info=&#8221;{}&#8221;][et_pb_text _builder_version=&#8221;4.24.3&#8243; _module_preset=&#8221;97a06755-12f6-449b-a85f-985853f9faa2&#8243; max_width_tablet=&#8221;100%&#8221; max_width_phone=&#8221;100%&#8221; max_width_last_edited=&#8221;on|phone&#8221; global_colors_info=&#8221;{}&#8221;]<\/p>\n<h1>Accessibility<\/h1>\n<p>[\/et_pb_text][et_pb_text _builder_version=&#8221;4.24.3&#8243; _module_preset=&#8221;7c76edb1-7fe9-478a-9753-6b58dafa48b7&#8243; global_colors_info=&#8221;{}&#8221;]<\/p>\n<p>Stockholmsm\u00e4ssan aims to be accessible to everyone. To ensure this, all our restaurants, congress rooms and exhibition halls have ground-level access.<\/p>\n<p>[\/et_pb_text][\/et_pb_column][et_pb_column type=&#8221;1_2&#8243; _builder_version=&#8221;4.24.0&#8243; _module_preset=&#8221;default&#8221; custom_padding_tablet=&#8221;&#8221; custom_padding_phone=&#8221;||||false|false&#8221; custom_padding_last_edited=&#8221;on|phone&#8221; global_colors_info=&#8221;{}&#8221;][et_pb_image src=&#8221;https:\/\/stockholmsmassan.se\/wp-content\/uploads\/2024\/04\/tillganglighet-stockholmsmassan-640x640px.jpg&#8221; alt=&#8221;p\u00e5 bild syns m\u00e4nniskor i r\u00f6relse framf\u00f6r entr\u00e9n till hall A. Digitala skyltar med v\u00e4gbeskrivning syns i bakgrunden.&#8221; title_text=&#8221;tillg\u00e4nglighet-stockholmsm\u00e4ssan-640x640px&#8221; show_bottom_space=&#8221;off&#8221; align=&#8221;right&#8221; force_fullwidth=&#8221;on&#8221; _builder_version=&#8221;4.27.4&#8243; _module_preset=&#8221;default&#8221; background_color=&#8221;#002E77&#8243; global_colors_info=&#8221;{}&#8221;][\/et_pb_image][\/et_pb_column][\/et_pb_row][\/et_pb_section][et_pb_section fb_built=&#8221;1&#8243; admin_label=&#8221;Text 50\/50&#8243; _builder_version=&#8221;4.27.4&#8243; _module_preset=&#8221;34b06a86-dc81-4983-919e-0fd7f286eb1b&#8221; background_color=&#8221;#A9FFE4&#8243; locked=&#8221;off&#8221; global_colors_info=&#8221;{}&#8221;][et_pb_row custom_padding_last_edited=&#8221;on|tablet&#8221; _builder_version=&#8221;4.24.0&#8243; _module_preset=&#8221;default&#8221; custom_margin=&#8221;||||false|false&#8221; custom_padding=&#8221;||0px||false|false&#8221; custom_padding_tablet=&#8221;20px||||false|false&#8221; custom_padding_phone=&#8221;20px||||false|false&#8221; locked=&#8221;off&#8221;][et_pb_column type=&#8221;4_4&#8243; _builder_version=&#8221;4.23.4&#8243; _module_preset=&#8221;default&#8221; global_colors_info=&#8221;{}&#8221;][et_pb_text _builder_version=&#8221;4.27.4&#8243; _module_preset=&#8221;default&#8221; max_width_tablet=&#8221;&#8221; max_width_phone=&#8221;&#8221; max_width_last_edited=&#8221;on|phone&#8221; global_colors_info=&#8221;{}&#8221;]<\/p>\n<h2>accessibility for everyone<\/h2>\n<p>[\/et_pb_text][\/et_pb_column][\/et_pb_row][et_pb_row custom_padding_last_edited=&#8221;on|tablet&#8221; _builder_version=&#8221;4.24.0&#8243; _module_preset=&#8221;default&#8221; custom_padding=&#8221;0px||||false|false&#8221; custom_padding_tablet=&#8221;||0px||false|false&#8221; custom_padding_phone=&#8221;||0px||false|false&#8221; locked=&#8221;off&#8221;][et_pb_column type=&#8221;4_4&#8243; _builder_version=&#8221;4.24.0&#8243; _module_preset=&#8221;default&#8221; global_colors_info=&#8221;{}&#8221;][et_pb_text _builder_version=&#8221;4.27.4&#8243; _module_preset=&#8221;default&#8221; max_width_tablet=&#8221;&#8221; max_width_phone=&#8221;&#8221; max_width_last_edited=&#8221;on|phone&#8221; global_colors_info=&#8221;{}&#8221;]<\/p>\n<p>We continuously work to ensure that Stockholmsm\u00e4ssan is an accessible place for everyone. If you are a caregiver or sign language interpreter, you always have free entry when you are here with your client. This applies to up to two caregivers, and you must be able to show proof of your client.<\/p>\n<p>However, at some events, limited accessibility may occur, for example, at events with built-up level differences or large crowds. This means that at some events, we offer free entry to those who use wheelchairs.<\/p>\n<p>Please contact us before your visit if you have any questions.<\/p>\n<p>[\/et_pb_text][\/et_pb_column][\/et_pb_row][\/et_pb_section][et_pb_section fb_built=&#8221;1&#8243; admin_label=&#8221;FAQ&#8221; _builder_version=&#8221;4.24.0&#8243; _module_preset=&#8221;default&#8221; background_color=&#8221;gcid-hnkm362j-crtw-m8j2-xpzq-gn3tj3h68iuz&#8221; global_colors_info=&#8221;{%22gcid-hnkm362j-crtw-m8j2-xpzq-gn3tj3h68iuz%22:%91%22background_color%22%93}&#8221;][et_pb_row _builder_version=&#8221;4.23.4&#8243; _module_preset=&#8221;default&#8221;][et_pb_column type=&#8221;4_4&#8243; _builder_version=&#8221;4.23.4&#8243; _module_preset=&#8221;default&#8221; global_colors_info=&#8221;{}&#8221;][et_pb_toggle title=&#8221;Information Desk &#8221; _builder_version=&#8221;4.27.4&#8243; _module_preset=&#8221;default&#8221; global_colors_info=&#8221;{%22gcid-3qvkiclf-cbga-i7f8-1xx5-l82f0oh7yg2p%22:%91%22icon_color%22,%22open_toggle_background_color%22,%22closed_toggle_text_color%22,%22icon_color%22,%22open_toggle_background_color%22,%22closed_toggle_text_color%22%93,%22gcid-m0fraqv3-qztm-9290-df11-7p07yu2mtcg6%22:%91%22open_icon_color%22,%22closed_toggle_background_color%22,%22open_toggle_text_color%22,%22body_link_text_color%22%93}&#8221;]<\/p>\n<p><strong>The Information Desk (available at the Main entrance)<\/strong><\/p>\n<p><strong>Contact<\/strong><br \/><a title=\"+46 8-749 41 11\" href=\"tel:+4687494111\">+46 8-749 41 11<\/a> or<br \/><a title=\"+46 8-749 41 13\" href=\"tel:+4687494113\">+46 8-749 41 13<\/a> (open during ongoing events)<\/p>\n<p><strong>Visitor Service<\/strong><br \/><a title=\"+46 8-749 99 00\" href=\"tel:+4687499900\">+46 8-749 99 00<\/a> (open 08.30 am &#8211; 4.30 pm on weekdays)<br \/><a href=\"mailto:visitorservice@stockholmsmassan.se\">visitorservice@stockholmsmassan.se<\/a><\/p>\n<p>[\/et_pb_toggle][et_pb_toggle title=&#8221;Certified assistance dog&#8221; _builder_version=&#8221;4.24.0&#8243; _module_preset=&#8221;default&#8221; title_text_color_tablet=&#8221;&#8221; title_text_color_phone=&#8221;&#8221; title_text_color_last_edited=&#8221;on|desktop&#8221; global_colors_info=&#8221;{%22gcid-3qvkiclf-cbga-i7f8-1xx5-l82f0oh7yg2p%22:%91%22icon_color%22,%22open_toggle_background_color%22,%22closed_toggle_text_color%22,%22border_color_all__hover%22%93,%22gcid-m0fraqv3-qztm-9290-df11-7p07yu2mtcg6%22:%91%22open_icon_color%22,%22closed_toggle_background_color%22,%22open_toggle_text_color%22,%22body_text_color%22%93}&#8221;]<\/p>\n<p>Certified assistance dogs, such as service, joint and medical alert and signal dogs are allowed to enter the fair. Exhibiting dogs are, of course, allowed to enter dog shows.<\/p>\n<p>[\/et_pb_toggle][et_pb_toggle title=&#8221;DOGS&#8221; _builder_version=&#8221;4.24.3&#8243; _module_preset=&#8221;default&#8221; title_text_color_tablet=&#8221;&#8221; title_text_color_phone=&#8221;&#8221; title_text_color_last_edited=&#8221;on|desktop&#8221; global_colors_info=&#8221;{%22gcid-3qvkiclf-cbga-i7f8-1xx5-l82f0oh7yg2p%22:%91%22icon_color%22,%22open_toggle_background_color%22,%22closed_toggle_text_color%22,%22border_color_all__hover%22%93,%22gcid-m0fraqv3-qztm-9290-df11-7p07yu2mtcg6%22:%91%22open_icon_color%22,%22closed_toggle_background_color%22,%22open_toggle_text_color%22,%22body_text_color%22%93}&#8221;]<\/p>\n<p><span style=\"font-size: 18px;\">Dogs are not allowed inside the exhibition area. The only exceptions we make are for assistance dogs and show dogs during dog shows.<\/span><\/p>\n<p>[\/et_pb_toggle][et_pb_toggle title=&#8221;Elevators&#8221; _builder_version=&#8221;4.24.3&#8243; _module_preset=&#8221;default&#8221; title_text_color_tablet=&#8221;&#8221; title_text_color_phone=&#8221;&#8221; title_text_color_last_edited=&#8221;on|desktop&#8221; global_colors_info=&#8221;{%22gcid-3qvkiclf-cbga-i7f8-1xx5-l82f0oh7yg2p%22:%91%22icon_color%22,%22open_toggle_background_color%22,%22closed_toggle_text_color%22,%22border_color_all__hover%22%93,%22gcid-m0fraqv3-qztm-9290-df11-7p07yu2mtcg6%22:%91%22open_icon_color%22,%22closed_toggle_background_color%22,%22open_toggle_text_color%22,%22body_text_color%22%93}&#8221;]<\/p>\n<p>A wheelchair-accessible elevator to the second floor is available in Gallery A. There is also an elevator down to Hall B and from the main entrance hall to the indoor parking space. If you need assistance, please contact the Information desk in the main entrance.<\/p>\n<p>[\/et_pb_toggle][et_pb_toggle title=&#8221;Hearing aids&#8221; _builder_version=&#8221;4.24.3&#8243; _module_preset=&#8221;default&#8221; title_text_color_tablet=&#8221;&#8221; title_text_color_phone=&#8221;&#8221; title_text_color_last_edited=&#8221;on|desktop&#8221; global_colors_info=&#8221;{%22gcid-3qvkiclf-cbga-i7f8-1xx5-l82f0oh7yg2p%22:%91%22icon_color%22,%22open_toggle_background_color%22,%22closed_toggle_text_color%22,%22border_color_all__hover%22%93,%22gcid-m0fraqv3-qztm-9290-df11-7p07yu2mtcg6%22:%91%22open_icon_color%22,%22closed_toggle_background_color%22,%22open_toggle_text_color%22,%22body_text_color%22%93}&#8221;]<\/p>\n<p>Stockholmsm\u00e4ssan has a hearing aid system for hearing impaired people. The hearing aid loop has its own radio reciever, which means that you will hear the performace\/lecture very well without any disturbing background noise.<\/p>\n<p><strong>The hearing aids are available at the following halls:<\/strong><br \/>Victoria hall, K1, K2, K11, K21, T1, T2.<\/p>\n<p>You can pick them up in the Information desk upon presentation of ID.<\/p>\n<p>[\/et_pb_toggle][et_pb_toggle title=&#8221;Map of the venue (PDF)&#8221; _builder_version=&#8221;4.27.4&#8243; _module_preset=&#8221;default&#8221; hover_enabled=&#8221;0&#8243; title_text_color_tablet=&#8221;&#8221; title_text_color_phone=&#8221;&#8221; title_text_color_last_edited=&#8221;on|desktop&#8221; global_colors_info=&#8221;{%22gcid-3qvkiclf-cbga-i7f8-1xx5-l82f0oh7yg2p%22:%91%22icon_color%22,%22open_toggle_background_color%22,%22closed_toggle_text_color%22,%22border_color_all__hover%22%93,%22gcid-m0fraqv3-qztm-9290-df11-7p07yu2mtcg6%22:%91%22open_icon_color%22,%22closed_toggle_background_color%22,%22open_toggle_text_color%22,%22body_text_color%22%93}&#8221; sticky_enabled=&#8221;0&#8243;]<\/p>\n<p><a title=\"Overview map of the facility with toilets, lifts, cloakrooms, etc.\" href=\"https:\/\/online.fliphtml5.com\/gvhxi\/cdwp\/#p=2\" target=\"_blank\" rel=\"noopener\">Overview map of the venue with toilets, lifts, cloakrooms, etc (page-flip PDF, Fliphtml, opens in a new tab)<\/a><\/p>\n<p>[\/et_pb_toggle][et_pb_toggle title=&#8221;Parking spaces&#8221; _builder_version=&#8221;4.27.4&#8243; _module_preset=&#8221;default&#8221; title_text_color_tablet=&#8221;&#8221; title_text_color_phone=&#8221;&#8221; title_text_color_last_edited=&#8221;on|desktop&#8221; global_colors_info=&#8221;{%22gcid-3qvkiclf-cbga-i7f8-1xx5-l82f0oh7yg2p%22:%91%22icon_color%22,%22open_toggle_background_color%22,%22closed_toggle_text_color%22,%22border_color_all__hover%22%93,%22gcid-m0fraqv3-qztm-9290-df11-7p07yu2mtcg6%22:%91%22open_icon_color%22,%22closed_toggle_background_color%22,%22open_toggle_text_color%22,%22body_text_color%22%93}&#8221;]<\/p>\n<p>We have about 25 parking spaces reserved for disabled parking permit holders. You can find these in the garage at P1, outside the Scandic Talk hotel and at the eastern entrance. The parking permit of course also applies to other parking spaces. <\/p>\n<p><a title=\"Here you can find more information about all parking options\" href=\"https:\/\/stockholmsmassan.se\/en\/prior-to-your-visit\/parking\/\">Here you can find more information about all parking options at Stockholmsm\u00e4ssan<\/a>.<\/p>\n<p>[\/et_pb_toggle][et_pb_toggle title=&#8221;Restaurants&#8221; _builder_version=&#8221;4.27.4&#8243; _module_preset=&#8221;default&#8221; title_text_color_tablet=&#8221;&#8221; title_text_color_phone=&#8221;&#8221; title_text_color_last_edited=&#8221;on|desktop&#8221; global_colors_info=&#8221;{%22gcid-3qvkiclf-cbga-i7f8-1xx5-l82f0oh7yg2p%22:%91%22icon_color%22,%22open_toggle_background_color%22,%22closed_toggle_text_color%22,%22border_color_all__hover%22%93,%22gcid-m0fraqv3-qztm-9290-df11-7p07yu2mtcg6%22:%91%22open_icon_color%22,%22closed_toggle_background_color%22,%22open_toggle_text_color%22,%22body_text_color%22%93}&#8221;]<\/p>\n<p>All of the fixed restaurants at Stockholmsm\u00e4ssan are wheelchair accessible.<\/p>\n<p><a title=\"See all our restaurants here\" href=\"https:\/\/stockholmsmassan.se\/en\/prior-to-your-visit\/restaurants\/\" target=\"_blank\" rel=\"noopener\">See all our restaurants here.<\/a><\/p>\n<p>[\/et_pb_toggle][et_pb_toggle title=&#8221;Restrooms&#8221; _builder_version=&#8221;4.27.4&#8243; _module_preset=&#8221;default&#8221; custom_padding=&#8221;39px|39px|39px|39px|true|true&#8221; title_text_color_tablet=&#8221;&#8221; title_text_color_phone=&#8221;&#8221; title_text_color_last_edited=&#8221;on|desktop&#8221; global_colors_info=&#8221;{%22gcid-3qvkiclf-cbga-i7f8-1xx5-l82f0oh7yg2p%22:%91%22icon_color%22,%22open_toggle_background_color%22,%22closed_toggle_text_color%22,%22border_color_all__hover%22%93,%22gcid-m0fraqv3-qztm-9290-df11-7p07yu2mtcg6%22:%91%22open_icon_color%22,%22closed_toggle_background_color%22,%22open_toggle_text_color%22,%22body_text_color%22%93}&#8221;]<\/p>\n<p>Accessible restrooms\u00a0are available near the entrances, in the exhibition halls and in the galleries.<\/p>\n<p><a title=\"Here you can find a map of accessible restrooms.\" href=\"https:\/\/stockholmsmassan.se\/wp-content\/uploads\/2024\/02\/Floorplan-tillganglighet_.png\" target=\"_blank\" rel=\"noopener\">Here you can find a map of accessible restrooms (PNG, opens in a new tab).<\/a><\/p>\n<p>[\/et_pb_toggle][et_pb_toggle title=&#8221;Wheelchairs&#8221; _builder_version=&#8221;4.27.4&#8243; _module_preset=&#8221;default&#8221; title_text_color_tablet=&#8221;&#8221; title_text_color_phone=&#8221;&#8221; title_text_color_last_edited=&#8221;on|desktop&#8221; global_colors_info=&#8221;{%22gcid-3qvkiclf-cbga-i7f8-1xx5-l82f0oh7yg2p%22:%91%22icon_color%22,%22open_toggle_background_color%22,%22closed_toggle_text_color%22,%22border_color_all__hover%22%93,%22gcid-m0fraqv3-qztm-9290-df11-7p07yu2mtcg6%22:%91%22open_icon_color%22,%22closed_toggle_background_color%22,%22open_toggle_text_color%22,%22body_text_color%22%93}&#8221;]<\/p>\n<p>A limited number of wheelchairs are available for loan at the Information desk at the main entrance upon presentation of identification. The wheelchairs cannot be booked in advance.<\/p>\n<p>[\/et_pb_toggle][\/et_pb_column][\/et_pb_row][\/et_pb_section]<\/p>\n","protected":false},"excerpt":{"rendered":"<p>We want Stockholmsm\u00e4ssan to be accessible to everyone. Therefore, we have basic accessibility to all restaurants, conference rooms, and exhibition halls.<\/p>\n","protected":false},"author":6,"featured_media":3320784,"parent":3314834,"menu_order":0,"comment_status":"closed","ping_status":"closed","template":"","meta":{"_acf_changed":false,"_et_pb_use_builder":"on","_et_pb_old_content":"","_et_gb_content_width":"","footnotes":""},"hf_cat_page":[],"class_list":["post-3316389","page","type-page","status-publish","has-post-thumbnail","hentry"],"acf":[],"_links":{"self":[{"href":"https:\/\/stockholmsmassan.se\/en\/wp-json\/wp\/v2\/pages\/3316389","targetHints":{"allow":["GET"]}}],"collection":[{"href":"https:\/\/stockholmsmassan.se\/en\/wp-json\/wp\/v2\/pages"}],"about":[{"href":"https:\/\/stockholmsmassan.se\/en\/wp-json\/wp\/v2\/types\/page"}],"author":[{"embeddable":true,"href":"https:\/\/stockholmsmassan.se\/en\/wp-json\/wp\/v2\/users\/6"}],"replies":[{"embeddable":true,"href":"https:\/\/stockholmsmassan.se\/en\/wp-json\/wp\/v2\/comments?post=3316389"}],"version-history":[{"count":15,"href":"https:\/\/stockholmsmassan.se\/en\/wp-json\/wp\/v2\/pages\/3316389\/revisions"}],"predecessor-version":[{"id":3416043,"href":"https:\/\/stockholmsmassan.se\/en\/wp-json\/wp\/v2\/pages\/3316389\/revisions\/3416043"}],"up":[{"embeddable":true,"href":"https:\/\/stockholmsmassan.se\/en\/wp-json\/wp\/v2\/pages\/3314834"}],"wp:featuredmedia":[{"embeddable":true,"href":"https:\/\/stockholmsmassan.se\/en\/wp-json\/wp\/v2\/media\/3320784"}],"wp:attachment":[{"href":"https:\/\/stockholmsmassan.se\/en\/wp-json\/wp\/v2\/media?parent=3316389"}],"wp:term":[{"taxonomy":"hf_cat_page","embeddable":true,"href":"https:\/\/stockholmsmassan.se\/en\/wp-json\/wp\/v2\/hf_cat_page?post=3316389"}],"curies":[{"name":"wp","href":"https:\/\/api.w.org\/{rel}","templated":true}]}}