{"id":3316471,"date":"2024-02-12T15:50:10","date_gmt":"2024-02-12T14:50:10","guid":{"rendered":"https:\/\/dev.stockholmsmassan.se\/prior-to-your-visit\/security\/"},"modified":"2025-10-28T12:56:11","modified_gmt":"2025-10-28T11:56:11","slug":"security","status":"publish","type":"page","link":"https:\/\/stockholmsmassan.se\/en\/prior-to-your-visit\/security\/","title":{"rendered":"Security"},"content":{"rendered":"<p>[et_pb_section fb_built=&#8221;1&#8243; _builder_version=&#8221;4.27.4&#8243; _module_preset=&#8221;cc13b404-e2cb-487a-af92-9662f550d502&#8243; background_color=&#8221;#FCA89D&#8221; global_colors_info=&#8221;{}&#8221;][et_pb_row custom_padding_last_edited=&#8221;on|tablet&#8221; _builder_version=&#8221;4.27.4&#8243; _module_preset=&#8221;b47dc7b0-0c21-48f4-9be5-365125495c37&#8243; background_color=&#8221;#002E77&#8243; background_color_gradient_stops=&#8221;rgba(255,255,255,0) 57%|rgba(0,0,0,0.9) 90%&#8221; background_image=&#8221;https:\/\/stockholmsmassan.se\/wp-content\/uploads\/2024\/03\/sakerhet-stockholmsmassan-toppbild-1490x980px.jpg&#8221; parallax=&#8221;off&#8221; custom_padding_tablet=&#8221;|30px|30px|30px|false|true&#8221; custom_padding_phone=&#8221;|20px|20px|20px|false|true&#8221; global_colors_info=&#8221;{}&#8221;][et_pb_column type=&#8221;4_4&#8243; _builder_version=&#8221;4.24.0&#8243; _module_preset=&#8221;default&#8221; global_colors_info=&#8221;{}&#8221;][et_pb_cta title=&#8221;Security&#8221; button_url=&#8221;#&#8221; _builder_version=&#8221;4.27.4&#8243; _module_preset=&#8221;0d7ddc9b-5fad-41ce-bbc3-1fa8c8b01c36&#8243; body_text_color=&#8221;#ffffff&#8221; global_colors_info=&#8221;{}&#8221;]<\/p>\n<p>We want you to feel safe and secure when you visit us.<br \/>Here you\u2019ll find information about how we work with safety.<\/p>\n<p>[\/et_pb_cta][\/et_pb_column][\/et_pb_row][\/et_pb_section][et_pb_section fb_built=&#8221;1&#8243; admin_label=&#8221;FAQ&#8221; _builder_version=&#8221;4.27.4&#8243; _module_preset=&#8221;default&#8221; background_color=&#8221;#FCA89D&#8221; global_colors_info=&#8221;{}&#8221;][et_pb_row _builder_version=&#8221;4.24.0&#8243; _module_preset=&#8221;default&#8221;][et_pb_column type=&#8221;4_4&#8243; _builder_version=&#8221;4.23.4&#8243; _module_preset=&#8221;default&#8221; global_colors_info=&#8221;{}&#8221;][et_pb_text _builder_version=&#8221;4.27.4&#8243; _module_preset=&#8221;d2de1bb5-7871-475a-a7ce-cf892236863b&#8221; text_font=&#8221;|700|||||||&#8221; text_font_size=&#8221;20px&#8221; max_width=&#8221;610px&#8221; custom_margin=&#8221;||10px||false|false&#8221; custom_padding=&#8221;||||false|false&#8221; global_colors_info=&#8221;{}&#8221;]<\/p>\n<h2>Important to know<\/h2>\n<p>At Stockholmsm\u00e4ssan, your safety is our highest priority. We work continuously to create a safe and welcoming environment for all our visitors, exhibitors, organisers and employees \u2013 regardless of the size or nature of the event.<\/p>\n<p>[\/et_pb_text][\/et_pb_column][\/et_pb_row][et_pb_row _builder_version=&#8221;4.23.4&#8243; _module_preset=&#8221;default&#8221;][et_pb_column type=&#8221;4_4&#8243; _builder_version=&#8221;4.23.4&#8243; _module_preset=&#8221;default&#8221; global_colors_info=&#8221;{}&#8221;][et_pb_toggle title=&#8221;For everyone\u2019s safety&#8221; _builder_version=&#8221;4.27.4&#8243; _module_preset=&#8221;default&#8221; global_colors_info=&#8221;{%22gcid-3qvkiclf-cbga-i7f8-1xx5-l82f0oh7yg2p%22:%91%22icon_color%22,%22open_toggle_background_color%22,%22closed_toggle_text_color%22,%22icon_color%22,%22open_toggle_background_color%22,%22closed_toggle_text_color%22%93,%22gcid-m0fraqv3-qztm-9290-df11-7p07yu2mtcg6%22:%91%22open_icon_color%22,%22closed_toggle_background_color%22,%22open_toggle_text_color%22,%22body_link_text_color%22%93}&#8221;]<\/p>\n<p>The safety of our visitors, exhibitors, organisers and employees always comes first, with measures tailored to each event. Therefore, certain safety regulations may apply to different events, such as bag restrictions, access controls or special entry procedures.<\/p>\n<p>Information about any specific safety measures can be found on each event\u2019s web site. We encourage all visitors to read this information before their visit and to follow on-site instructions.<\/p>\n<p>To further enhance safety, we have:<\/p>\n<ul>\n<li>CCTV surveillance in public areas<\/li>\n<li>Clearly marked emergency exits and evacuation routes<\/li>\n<li>Trained staff available to assist whenever needed<\/li>\n<\/ul>\n<p>Do not hesitate to contact our staff if you have any questions or need assistance during your visit.<\/p>\n<p>&nbsp;<\/p>\n<p>[\/et_pb_toggle][et_pb_toggle title=&#8221;Safety for organisers and exhibitors&#8221; _builder_version=&#8221;4.27.4&#8243; _module_preset=&#8221;default&#8221; title_text_color_tablet=&#8221;&#8221; title_text_color_phone=&#8221;&#8221; title_text_color_last_edited=&#8221;on|desktop&#8221; global_colors_info=&#8221;{%22gcid-3qvkiclf-cbga-i7f8-1xx5-l82f0oh7yg2p%22:%91%22icon_color%22,%22open_toggle_background_color%22,%22closed_toggle_text_color%22,%22border_color_all__hover%22%93,%22gcid-m0fraqv3-qztm-9290-df11-7p07yu2mtcg6%22:%91%22open_icon_color%22,%22closed_toggle_background_color%22,%22open_toggle_text_color%22,%22body_text_color%22%93}&#8221;]<\/p>\n<p>As an organiser or exhibitor you have access to a dedicated security team for support with safety and security matters:<\/p>\n<ul>\n<li>Security planning prior to the event<\/li>\n<li>Surveillance and access control<\/li>\n<li>Fire safety and evacuation procedures<\/li>\n<li>Advice on personal safety and protection of valuables<\/li>\n<\/ul>\n<p>In collaboration with our authorised partners we also offer customised security solutions.<\/p>\n<p>[\/et_pb_toggle][et_pb_toggle title=&#8221;A certified and secure meeting place&#8221; _builder_version=&#8221;4.27.4&#8243; _module_preset=&#8221;default&#8221; title_text_color_tablet=&#8221;&#8221; title_text_color_phone=&#8221;&#8221; title_text_color_last_edited=&#8221;on|desktop&#8221; global_colors_info=&#8221;{%22gcid-3qvkiclf-cbga-i7f8-1xx5-l82f0oh7yg2p%22:%91%22icon_color%22,%22open_toggle_background_color%22,%22closed_toggle_text_color%22,%22border_color_all__hover%22%93,%22gcid-m0fraqv3-qztm-9290-df11-7p07yu2mtcg6%22:%91%22open_icon_color%22,%22closed_toggle_background_color%22,%22open_toggle_text_color%22,%22body_text_color%22%93}&#8221;]<\/p>\n<p>Stockholmsm\u00e4ssan is the first exhibition venue in Sweden to be certified according to the international SHORE (Safe Hospitality, Office, Retail and Exhibition) safety standard.<\/p>\n<p>The certification covers, among other areas:<\/p>\n<ul>\n<li>Risk and crisis management<\/li>\n<li>Property protection and technical security systems<\/li>\n<li>Visitor and exhibitor safety<\/li>\n<li>Incident preparedness and continuity planning<\/li>\n<\/ul>\n<p>This means that we meet high international safety requirements and are well prepared to handle everything from everyday situations to more complex incidents.<\/p>\n<p>[\/et_pb_toggle][\/et_pb_column][\/et_pb_row][\/et_pb_section][et_pb_section fb_built=&#8221;1&#8243; admin_label=&#8221;Bild 1\/2 + Text 1\/2&#8243; _builder_version=&#8221;4.24.2&#8243; _module_preset=&#8221;default&#8221; background_color=&#8221;gcid-hnkm362j-crtw-m8j2-xpzq-gn3tj3h68iuz&#8221; custom_padding=&#8221;51px||51px||true|false&#8221; locked=&#8221;off&#8221; global_colors_info=&#8221;{%22gcid-hnkm362j-crtw-m8j2-xpzq-gn3tj3h68iuz%22:%91%22background_color%22%93}&#8221;][et_pb_row column_structure=&#8221;1_2,1_2&#8243; make_equal=&#8221;on&#8221; module_class=&#8221;image-text&#8221; _builder_version=&#8221;4.24.0&#8243; _module_preset=&#8221;default&#8221; global_colors_info=&#8221;{}&#8221;][et_pb_column type=&#8221;1_2&#8243; _builder_version=&#8221;4.23.4&#8243; _module_preset=&#8221;default&#8221; global_colors_info=&#8221;{}&#8221;][et_pb_image src=&#8221;https:\/\/stockholmsmassan.se\/wp-content\/uploads\/2025\/10\/overvakningskamera-sakerhet-stockholmsmassan-1080x540px.png&#8221; alt=&#8221;\u00d6vervakningskamera monterad p\u00e5 fasad f\u00f6r s\u00e4kerhets\u00f6vervakning.&#8221; title_text=&#8221;\u00f6vervakningskamera-s\u00e4kerhet-stockholmsm\u00e4ssan-1080x540px&#8221; _builder_version=&#8221;4.27.4&#8243; _module_preset=&#8221;default&#8221; global_colors_info=&#8221;{}&#8221;][\/et_pb_image][\/et_pb_column][et_pb_column type=&#8221;1_2&#8243; _builder_version=&#8221;4.23.4&#8243; _module_preset=&#8221;default&#8221; global_colors_info=&#8221;{}&#8221;][et_pb_cta title=&#8221;CCTV surveillance&#8221; button_url=&#8221;https:\/\/stockholmsmassan.se\/en\/data-protection\/&#8221; button_text=&#8221;Data Protection at Stockholmsm\u00e4ssan&#8221; _builder_version=&#8221;4.27.4&#8243; _module_preset=&#8221;_initial&#8221; link_option_url=&#8221;https:\/\/stockholmsmassan.se\/en\/data-protection\/&#8221; global_colors_info=&#8221;{%22gcid-m0fraqv3-qztm-9290-df11-7p07yu2mtcg6%22:%91%22button_text_color%22%93,%22gcid-zqmeyyr1-ozjs-tdol-t9th-kdmdqxufunhr%22:%91%22button_bg_color%22%93,%22gcid-3qvkiclf-cbga-i7f8-1xx5-l82f0oh7yg2p%22:%91%22button_bg_color__hover%22%93}&#8221; button_bg_enable_color__hover=&#8221;on&#8221;]<\/p>\n<p>We use CCTV in public areas to further enhance safety. Read more about how we manage personal data under Data Protection.<\/p>\n<p>[\/et_pb_cta][\/et_pb_column][\/et_pb_row][\/et_pb_section][et_pb_section fb_built=&#8221;1&#8243; admin_label=&#8221;Bild 1\/2 + Text 1\/2&#8243; _builder_version=&#8221;4.24.2&#8243; _module_preset=&#8221;default&#8221; background_color=&#8221;gcid-hnkm362j-crtw-m8j2-xpzq-gn3tj3h68iuz&#8221; custom_padding=&#8221;51px||51px||true|false&#8221; locked=&#8221;off&#8221; global_colors_info=&#8221;{%22gcid-hnkm362j-crtw-m8j2-xpzq-gn3tj3h68iuz%22:%91%22background_color%22%93}&#8221;][et_pb_row column_structure=&#8221;1_2,1_2&#8243; make_equal=&#8221;on&#8221; module_class=&#8221;image-text&#8221; _builder_version=&#8221;4.24.0&#8243; _module_preset=&#8221;default&#8221; global_colors_info=&#8221;{}&#8221;][et_pb_column type=&#8221;1_2&#8243; _builder_version=&#8221;4.23.4&#8243; _module_preset=&#8221;default&#8221; global_colors_info=&#8221;{}&#8221;][et_pb_cta title=&#8221;Clear signage&#8221; button_url=&#8221;#&#8221; _builder_version=&#8221;4.27.4&#8243; _module_preset=&#8221;_initial&#8221; global_colors_info=&#8221;{%22gcid-m0fraqv3-qztm-9290-df11-7p07yu2mtcg6%22:%91%22button_text_color%22%93,%22gcid-zqmeyyr1-ozjs-tdol-t9th-kdmdqxufunhr%22:%91%22button_bg_color%22%93,%22gcid-3qvkiclf-cbga-i7f8-1xx5-l82f0oh7yg2p%22:%91%22button_bg_color__hover%22%93}&#8221; button_bg_enable_color__hover=&#8221;on&#8221;]<\/p>\n<p>Our venue has clear signage for evacuation routes and emergency exits.<\/p>\n<p>[\/et_pb_cta][\/et_pb_column][et_pb_column type=&#8221;1_2&#8243; _builder_version=&#8221;4.23.4&#8243; _module_preset=&#8221;default&#8221; global_colors_info=&#8221;{}&#8221;][et_pb_image src=&#8221;https:\/\/stockholmsmassan.se\/wp-content\/uploads\/2025\/10\/skyltning-for-utrymning-sakerhet-stockholmsmassan-1080x540px.png&#8221; alt=&#8221;Gr\u00f6n skylt visar v\u00e4g till s\u00e4ker hiss f\u00f6r utrymning vid brand.&#8221; title_text=&#8221;skyltning-f\u00f6r-utrymning-s\u00e4kerhet-stockholmsm\u00e4ssan-1080x540px&#8221; _builder_version=&#8221;4.27.4&#8243; _module_preset=&#8221;default&#8221; global_colors_info=&#8221;{}&#8221;][\/et_pb_image][\/et_pb_column][\/et_pb_row][\/et_pb_section][et_pb_section fb_built=&#8221;1&#8243; admin_label=&#8221;Bild 1\/2 + Text 1\/2&#8243; _builder_version=&#8221;4.24.2&#8243; _module_preset=&#8221;default&#8221; background_color=&#8221;gcid-hnkm362j-crtw-m8j2-xpzq-gn3tj3h68iuz&#8221; custom_padding=&#8221;51px||51px||true|false&#8221; locked=&#8221;off&#8221; global_colors_info=&#8221;{%22gcid-hnkm362j-crtw-m8j2-xpzq-gn3tj3h68iuz%22:%91%22background_color%22%93}&#8221;][et_pb_row column_structure=&#8221;1_2,1_2&#8243; make_equal=&#8221;on&#8221; module_class=&#8221;image-text&#8221; _builder_version=&#8221;4.24.0&#8243; _module_preset=&#8221;default&#8221; global_colors_info=&#8221;{}&#8221;][et_pb_column type=&#8221;1_2&#8243; _builder_version=&#8221;4.23.4&#8243; _module_preset=&#8221;default&#8221; global_colors_info=&#8221;{}&#8221;][et_pb_image src=&#8221;https:\/\/stockholmsmassan.se\/wp-content\/uploads\/2024\/03\/Sakerhet_gymnasiemassan23_01_1080x540px.jpg&#8221; alt=&#8221;M\u00e4nniskor g\u00e5r igenom s\u00e4kerhetskontroller vid en entr\u00e9 med metalldetektorer.&#8221; title_text=&#8221;S\u00e4kerhet_gymnasiem\u00e4ssan23_01_1080x540px&#8221; _builder_version=&#8221;4.27.4&#8243; _module_preset=&#8221;default&#8221; global_colors_info=&#8221;{}&#8221;][\/et_pb_image][\/et_pb_column][et_pb_column type=&#8221;1_2&#8243; _builder_version=&#8221;4.23.4&#8243; _module_preset=&#8221;default&#8221; global_colors_info=&#8221;{}&#8221;][et_pb_cta title=&#8221;Trained staff&#8221; button_url=&#8221;#&#8221; _builder_version=&#8221;4.27.4&#8243; _module_preset=&#8221;_initial&#8221; global_colors_info=&#8221;{%22gcid-m0fraqv3-qztm-9290-df11-7p07yu2mtcg6%22:%91%22button_text_color%22%93,%22gcid-zqmeyyr1-ozjs-tdol-t9th-kdmdqxufunhr%22:%91%22button_bg_color%22%93,%22gcid-3qvkiclf-cbga-i7f8-1xx5-l82f0oh7yg2p%22:%91%22button_bg_color__hover%22%93}&#8221; button_bg_enable_color__hover=&#8221;on&#8221;]<\/p>\n<p>Our staff are trained and available to assist when needed. Do not hesitate to contact a member of staff if you have any questions or require assistance during your visit.<\/p>\n<p>[\/et_pb_cta][\/et_pb_column][\/et_pb_row][\/et_pb_section][et_pb_section fb_built=&#8221;1&#8243; _builder_version=&#8221;4.24.0&#8243; _module_preset=&#8221;default&#8221; background_color=&#8221;gcid-qng9kyg2-vsbo-yeyi-y1qh-mjyidmpe0g12&#8243; locked=&#8221;off&#8221; global_colors_info=&#8221;{%22gcid-qng9kyg2-vsbo-yeyi-y1qh-mjyidmpe0g12%22:%91%22background_color%22%93}&#8221;][et_pb_row column_structure=&#8221;1_2,1_2&#8243; use_custom_gutter=&#8221;on&#8221; custom_padding_last_edited=&#8221;on|desktop&#8221; _builder_version=&#8221;4.24.0&#8243; _module_preset=&#8221;default&#8221; custom_padding_tablet=&#8221;20px||||false|false&#8221; custom_padding_phone=&#8221;20px||||false|false&#8221; global_colors_info=&#8221;{}&#8221;][et_pb_column type=&#8221;1_2&#8243; _builder_version=&#8221;4.24.0&#8243; _module_preset=&#8221;default&#8221; global_colors_info=&#8221;{}&#8221;][et_pb_blurb title=&#8221;defibrillators&#8221; url=&#8221;@ET-DC@eyJkeW5hbWljIjp0cnVlLCJjb250ZW50IjoicG9zdF9saW5rX3VybF9wYWdlIiwic2V0dGluZ3MiOnsicG9zdF9pZCI6IjMzMTcwMDMifX0=@&#8221; url_new_window=&#8221;on&#8221; image=&#8221;https:\/\/stockholmsmassan.se\/wp-content\/uploads\/2024\/03\/Karta_hjarstartare-intranatepuff_1080x540px-1.jpg&#8221; alt=&#8221;image of an icon of a defibrillator&#8221; _builder_version=&#8221;4.24.3&#8243; _dynamic_attributes=&#8221;url,link_option_url&#8221; _module_preset=&#8221;662fd16a-8028-49e0-9678-fc2b8a704e3b&#8221; link_option_url=&#8221;@ET-DC@eyJkeW5hbWljIjp0cnVlLCJjb250ZW50IjoicG9zdF9saW5rX3VybF9wYWdlIiwic2V0dGluZ3MiOnsicG9zdF9pZCI6IjMzMTcwMDMifX0=@&#8221; link_option_url_new_window=&#8221;on&#8221; locked=&#8221;off&#8221; global_colors_info=&#8221;{}&#8221;]<\/p>\n<p>There are a total of nine defibrillators on the Stockholmsm\u00e4ssan site. Welcome to a Heart Safe facility!\u00a0<\/p>\n<p>[\/et_pb_blurb][\/et_pb_column][et_pb_column type=&#8221;1_2&#8243; _builder_version=&#8221;4.24.0&#8243; _module_preset=&#8221;default&#8221; global_colors_info=&#8221;{}&#8221;][et_pb_blurb title=&#8221;The Safe Meeting Place&#8221; url=&#8221;https:\/\/stockholmsmassan.se\/en\/prior-to-your-visit\/security\/shore-certification\/&#8221; url_new_window=&#8221;on&#8221; image=&#8221;https:\/\/stockholmsmassan.se\/wp-content\/uploads\/2024\/12\/Huvudentre_EASD-arrival_nylogga24.jpg&#8221; alt=&#8221;People arriving at the main entrance of Stockholmsm\u00e4ssan on a sunny day.&#8221; _builder_version=&#8221;4.27.4&#8243; _module_preset=&#8221;662fd16a-8028-49e0-9678-fc2b8a704e3b&#8221; link_option_url=&#8221;https:\/\/stockholmsmassan.se\/en\/prior-to-your-visit\/security\/shore-certification\/&#8221; link_option_url_new_window=&#8221;on&#8221; locked=&#8221;off&#8221; global_colors_info=&#8221;{}&#8221;]<\/p>\n<p>Stockholmsm\u00e4ssan leads the way in the meetings industry and remains certified at the highest international security level.<\/p>\n<p>[\/et_pb_blurb][\/et_pb_column][\/et_pb_row][\/et_pb_section]<\/p>\n","protected":false},"excerpt":{"rendered":"<p>We want you to feel safe and secure when you visit us. Here you will find everything about security for your visit to Stockholmsm\u00e4ssan.<\/p>\n","protected":false},"author":6,"featured_media":3320784,"parent":3314834,"menu_order":0,"comment_status":"closed","ping_status":"closed","template":"","meta":{"_acf_changed":false,"_et_pb_use_builder":"on","_et_pb_old_content":"","_et_gb_content_width":"","footnotes":""},"hf_cat_page":[],"class_list":["post-3316471","page","type-page","status-publish","has-post-thumbnail","hentry"],"acf":[],"_links":{"self":[{"href":"https:\/\/stockholmsmassan.se\/en\/wp-json\/wp\/v2\/pages\/3316471","targetHints":{"allow":["GET"]}}],"collection":[{"href":"https:\/\/stockholmsmassan.se\/en\/wp-json\/wp\/v2\/pages"}],"about":[{"href":"https:\/\/stockholmsmassan.se\/en\/wp-json\/wp\/v2\/types\/page"}],"author":[{"embeddable":true,"href":"https:\/\/stockholmsmassan.se\/en\/wp-json\/wp\/v2\/users\/6"}],"replies":[{"embeddable":true,"href":"https:\/\/stockholmsmassan.se\/en\/wp-json\/wp\/v2\/comments?post=3316471"}],"version-history":[{"count":22,"href":"https:\/\/stockholmsmassan.se\/en\/wp-json\/wp\/v2\/pages\/3316471\/revisions"}],"predecessor-version":[{"id":3412620,"href":"https:\/\/stockholmsmassan.se\/en\/wp-json\/wp\/v2\/pages\/3316471\/revisions\/3412620"}],"up":[{"embeddable":true,"href":"https:\/\/stockholmsmassan.se\/en\/wp-json\/wp\/v2\/pages\/3314834"}],"wp:featuredmedia":[{"embeddable":true,"href":"https:\/\/stockholmsmassan.se\/en\/wp-json\/wp\/v2\/media\/3320784"}],"wp:attachment":[{"href":"https:\/\/stockholmsmassan.se\/en\/wp-json\/wp\/v2\/media?parent=3316471"}],"wp:term":[{"taxonomy":"hf_cat_page","embeddable":true,"href":"https:\/\/stockholmsmassan.se\/en\/wp-json\/wp\/v2\/hf_cat_page?post=3316471"}],"curies":[{"name":"wp","href":"https:\/\/api.w.org\/{rel}","templated":true}]}}