{"id":3317162,"date":"2024-02-19T16:41:59","date_gmt":"2024-02-19T15:41:59","guid":{"rendered":"https:\/\/dev.stockholmsmassan.se\/sustainability\/recycling\/"},"modified":"2025-06-25T15:44:07","modified_gmt":"2025-06-25T13:44:07","slug":"recycling","status":"publish","type":"page","link":"https:\/\/stockholmsmassan.se\/en\/sustainability\/recycling\/","title":{"rendered":"Recycling"},"content":{"rendered":"<p>[et_pb_section fb_built=&#8221;1&#8243; custom_padding_last_edited=&#8221;on|phone&#8221; admin_label=&#8221;Hero&#8221; _builder_version=&#8221;4.27.4&#8243; _module_preset=&#8221;dcffbe7c-d829-4b92-9e28-730b66b1c6df&#8221; background_color=&#8221;#A9FFE4&#8243; custom_margin_tablet=&#8221;&#8221; custom_margin_phone=&#8221;&#8221; custom_margin_last_edited=&#8221;on|phone&#8221; custom_padding_tablet=&#8221;&#8221; custom_padding_phone=&#8221;&#8221; global_colors_info=&#8221;{}&#8221;][et_pb_row column_structure=&#8221;1_2,1_2&#8243; custom_padding_last_edited=&#8221;on|phone&#8221; _builder_version=&#8221;4.24.0&#8243; _module_preset=&#8221;_initial&#8221; width_tablet=&#8221;100%&#8221; width_phone=&#8221;100%&#8221; custom_margin_tablet=&#8221;&#8221; custom_margin_phone=&#8221;&#8221; custom_margin_last_edited=&#8221;on|phone&#8221; custom_padding=&#8221;0px||0px||true|false&#8221; custom_padding_tablet=&#8221;40px||40px||true|false&#8221; custom_padding_phone=&#8221;40px||40px||true|false&#8221;][et_pb_column type=&#8221;1_2&#8243; _builder_version=&#8221;4.24.0&#8243; _module_preset=&#8221;default&#8221; custom_padding=&#8221;10%||40px||false|false&#8221; custom_padding_tablet=&#8221;0%|5%|30px|5%|false|true&#8221; custom_padding_phone=&#8221;||26px||false|true&#8221; custom_padding_last_edited=&#8221;on|phone&#8221; global_colors_info=&#8221;{}&#8221;][et_pb_text _builder_version=&#8221;4.24.3&#8243; _module_preset=&#8221;97a06755-12f6-449b-a85f-985853f9faa2&#8243; max_width_tablet=&#8221;100%&#8221; max_width_phone=&#8221;100%&#8221; max_width_last_edited=&#8221;on|phone&#8221; global_colors_info=&#8221;{}&#8221;]<\/p>\n<h1>Recycling<\/h1>\n<p>[\/et_pb_text][et_pb_text _builder_version=&#8221;4.24.3&#8243; _module_preset=&#8221;7c76edb1-7fe9-478a-9753-6b58dafa48b7&#8243; global_colors_info=&#8221;{}&#8221;]<\/p>\n<p>Stockholmsm\u00e4ssan works long-term with various forms of reuse projects. All exhibitions, meetings and congresses that we organize should make a big impression and leave a small footprint. We recycle, reuse and repurpose as much as possible.<\/p>\n<p>[\/et_pb_text][\/et_pb_column][et_pb_column type=&#8221;1_2&#8243; _builder_version=&#8221;4.24.0&#8243; _module_preset=&#8221;default&#8221; custom_padding_tablet=&#8221;&#8221; custom_padding_phone=&#8221;||||false|false&#8221; custom_padding_last_edited=&#8221;on|phone&#8221; global_colors_info=&#8221;{}&#8221;][et_pb_image src=&#8221;https:\/\/stockholmsmassan.se\/wp-content\/uploads\/2024\/03\/aterbruk-stolar-nytt-liv-hallbarhet-stockholmsmassan-640x640px.jpg&#8221; alt=&#8221;gamla stolar som skickas f\u00f6r \u00e5terbruk till andra verksamheter inom Stockholms stad&#8221; title_text=&#8221;\u00e5terbruk-stolar-nytt-liv-h\u00e5llbarhet-stockholmsm\u00e4ssan-640x640px&#8221; show_bottom_space=&#8221;off&#8221; align=&#8221;right&#8221; force_fullwidth=&#8221;on&#8221; _builder_version=&#8221;4.27.4&#8243; _module_preset=&#8221;default&#8221; background_color=&#8221;#002E77&#8243; global_colors_info=&#8221;{}&#8221;][\/et_pb_image][\/et_pb_column][\/et_pb_row][\/et_pb_section][et_pb_section fb_built=&#8221;1&#8243; admin_label=&#8221;Text 50\/50&#8243; _builder_version=&#8221;4.27.4&#8243; _module_preset=&#8221;34b06a86-dc81-4983-919e-0fd7f286eb1b&#8221; background_color=&#8221;#FCA89D&#8221; global_colors_info=&#8221;{}&#8221;][et_pb_row custom_padding_last_edited=&#8221;on|tablet&#8221; _builder_version=&#8221;4.24.0&#8243; _module_preset=&#8221;default&#8221; custom_margin=&#8221;||||false|false&#8221; custom_padding=&#8221;||0px||false|false&#8221; custom_padding_tablet=&#8221;20px||||false|false&#8221; custom_padding_phone=&#8221;20px||||false|false&#8221; locked=&#8221;off&#8221;][et_pb_column type=&#8221;4_4&#8243; _builder_version=&#8221;4.23.4&#8243; _module_preset=&#8221;default&#8221; global_colors_info=&#8221;{}&#8221;][et_pb_text _builder_version=&#8221;4.24.0&#8243; _module_preset=&#8221;default&#8221; max_width=&#8221;610px&#8221; max_width_tablet=&#8221;100%&#8221; max_width_phone=&#8221;100%&#8221; global_colors_info=&#8221;{}&#8221;]<\/p>\n<h2>Environmental sustainability &#8211; Circular thinking moves us forward<\/h2>\n<p>[\/et_pb_text][\/et_pb_column][\/et_pb_row][et_pb_row column_structure=&#8221;1_2,1_2&#8243; custom_padding_last_edited=&#8221;on|tablet&#8221; _builder_version=&#8221;4.24.0&#8243; _module_preset=&#8221;default&#8221; custom_padding=&#8221;0px||||false|false&#8221; custom_padding_tablet=&#8221;||0px||false|false&#8221; custom_padding_phone=&#8221;||0px||false|false&#8221; locked=&#8221;off&#8221;][et_pb_column type=&#8221;1_2&#8243; _builder_version=&#8221;4.24.0&#8243; _module_preset=&#8221;default&#8221; global_colors_info=&#8221;{}&#8221;][et_pb_text _builder_version=&#8221;4.27.4&#8243; _module_preset=&#8221;default&#8221; max_width=&#8221;610px&#8221; max_width_tablet=&#8221;100%&#8221; max_width_phone=&#8221;100%&#8221; max_width_last_edited=&#8221;on|tablet&#8221; hover_enabled=&#8221;0&#8243; global_colors_info=&#8221;{}&#8221; sticky_enabled=&#8221;0&#8243;]<\/p>\n<p><strong>In the fall of 2022, Stockholmsm\u00e4ssan donated 800 chairs to Stockhom City for re-use purpose.<\/strong><\/p>\n<p>The chairs were then placed on Stocket &#8211; a reuse service within the City of Stockholm &#8211; which is available to all city departments. The platform is used to give new life to furniture, fixtures and office supplies. With the help of Lundaverkstaden &#8211; a workshop studio for job training &#8211; the chairs were then repaired and ended up in a new workplace within the City of Stockholm administration. The chairs can then be reassigned to preschools, schools, retirement homes, social services or various district administrations within<br \/>the city.<\/p>\n<p>The chairs donated by Stockholmsm\u00e4ssan lived on at Alstr\u00f6merhemmet, a nursing home in Kungsholmen, where they are now used in the staff and meeting room. Vinsta Primary School in V\u00e4llingby has also received chairs for its activities.<\/p>\n<p><em>This project supports Stockholmsm\u00e4ssan&#8217;s focus area Environmental Sustainability &#8211; Circular thinking takes us forward.<\/em><\/p>\n<p>[\/et_pb_text][\/et_pb_column][et_pb_column type=&#8221;1_2&#8243; _builder_version=&#8221;4.24.0&#8243; _module_preset=&#8221;default&#8221; global_colors_info=&#8221;{}&#8221;][\/et_pb_column][\/et_pb_row][\/et_pb_section][et_pb_section fb_built=&#8221;1&#8243; admin_label=&#8221;Bild 1\/2 + Text 1\/2&#8243; _builder_version=&#8221;4.24.0&#8243; _module_preset=&#8221;default&#8221; background_color=&#8221;gcid-hnkm362j-crtw-m8j2-xpzq-gn3tj3h68iuz&#8221; global_colors_info=&#8221;{%22gcid-hnkm362j-crtw-m8j2-xpzq-gn3tj3h68iuz%22:%91%22background_color%22%93}&#8221;][et_pb_row column_structure=&#8221;1_2,1_2&#8243; make_equal=&#8221;on&#8221; module_class=&#8221;image-text&#8221; _builder_version=&#8221;4.24.0&#8243; _module_preset=&#8221;default&#8221;][et_pb_column type=&#8221;1_2&#8243; _builder_version=&#8221;4.24.2&#8243; _module_preset=&#8221;default&#8221; global_colors_info=&#8221;{}&#8221;][et_pb_cta title=&#8221;wood waste pilot project&#8221; button_text=&#8221;Read more&#8221; _builder_version=&#8221;4.27.4&#8243; _module_preset=&#8221;_initial&#8221; global_colors_info=&#8221;{%22gcid-m0fraqv3-qztm-9290-df11-7p07yu2mtcg6%22:%91%22button_text_color%22%93,%22gcid-zqmeyyr1-ozjs-tdol-t9th-kdmdqxufunhr%22:%91%22button_bg_color%22%93,%22gcid-3qvkiclf-cbga-i7f8-1xx5-l82f0oh7yg2p%22:%91%22button_bg_color__hover%22%93}&#8221; button_bg_enable_color__hover=&#8221;on&#8221;]<\/p>\n<p>This time, 720 Castelli congress chairs, which have served us for 30 years, together with 20 benches from the Swedish furniture brand Bl\u00e5 Station and 6 cash desks, will be given a new function in schools, preschools, leisure activities, healthcare and theaters around the municipality. Through the City of Stockholm\u2019s reuse service Stocket, furniture is given a second chance, and some are even refurbished before being used. A great example of how we can give quality furniture a longer life instead of throwing it away!<\/p>\n<p>[\/et_pb_cta][\/et_pb_column][et_pb_column type=&#8221;1_2&#8243; _builder_version=&#8221;4.23.4&#8243; _module_preset=&#8221;default&#8221; global_colors_info=&#8221;{}&#8221;][et_pb_image src=&#8221;https:\/\/stockholmsmassan.se\/wp-content\/uploads\/2025\/02\/aterbruk-stockholmsmassan-hallbarhet-1490x980px.jpg&#8221; alt=&#8221;r\u00f6da staplade stolar som placeras i en lastbil f\u00f6r att \u00e5terbrukas och skickas vidare till en annan verksamhet&#8221; title_text=&#8221;\u00e5terbruk-stockholmsm\u00e4ssan-h\u00e5llbarhet-1490x980px&#8221; _builder_version=&#8221;4.27.4&#8243; _module_preset=&#8221;default&#8221; background_color=&#8221;#002E77&#8243; global_colors_info=&#8221;{}&#8221;][\/et_pb_image][\/et_pb_column][\/et_pb_row][et_pb_row column_structure=&#8221;1_2,1_2&#8243; make_equal=&#8221;on&#8221; module_class=&#8221;image-text&#8221; _builder_version=&#8221;4.24.0&#8243; _module_preset=&#8221;default&#8221;][et_pb_column type=&#8221;1_2&#8243; _builder_version=&#8221;4.24.2&#8243; _module_preset=&#8221;default&#8221; global_colors_info=&#8221;{}&#8221;][et_pb_image src=&#8221;https:\/\/stockholmsmassan.se\/wp-content\/uploads\/2024\/02\/hallbarhet-aterbruk-monter-stockholm-furniture-fair-contem-1080x540px.jpg&#8221; alt=&#8221;The picture shows a stand made by the design studio Contem from recycled materials from the Formex fair.&#8221; title_text=&#8221;sustainability-recycling-monter-stockholm-furniture-fair-contem-1080x540px&#8221; _builder_version=&#8221;4.27.4&#8243; _module_preset=&#8221;default&#8221; background_color=&#8221;#002E77&#8243; global_colors_info=&#8221;{}&#8221;][\/et_pb_image][\/et_pb_column][et_pb_column type=&#8221;1_2&#8243; _builder_version=&#8221;4.23.4&#8243; _module_preset=&#8221;default&#8221; global_colors_info=&#8221;{}&#8221;][et_pb_cta title=&#8221;Stockholm Furniture Fair &#8221; button_text=&#8221;Read more&#8221; _builder_version=&#8221;4.24.1&#8243; _module_preset=&#8221;_initial&#8221; global_colors_info=&#8221;{%22gcid-m0fraqv3-qztm-9290-df11-7p07yu2mtcg6%22:%91%22button_text_color%22%93,%22gcid-zqmeyyr1-ozjs-tdol-t9th-kdmdqxufunhr%22:%91%22button_bg_color%22%93,%22gcid-3qvkiclf-cbga-i7f8-1xx5-l82f0oh7yg2p%22:%91%22button_bg_color__hover%22%93}&#8221; button_bg_enable_color__hover=&#8221;on&#8221;]<\/p>\n<p>During the Stockholm Furniture Fair 2024, parts of the Formex exhibition were displayed in a completely new form. Using materials from a previous exhibitor, architectural studio Contem built an entire stand and created pallets of felted fabric from Stockholmsm\u00e4ssan, showing new and exciting ways to recycle and reuse materials.<\/p>\n<p>[\/et_pb_cta][\/et_pb_column][\/et_pb_row][et_pb_row column_structure=&#8221;1_2,1_2&#8243; make_equal=&#8221;on&#8221; module_class=&#8221;image-text&#8221; _builder_version=&#8221;4.24.0&#8243; _module_preset=&#8221;default&#8221;][et_pb_column type=&#8221;1_2&#8243; _builder_version=&#8221;4.24.2&#8243; _module_preset=&#8221;default&#8221; global_colors_info=&#8221;{}&#8221;][et_pb_cta title=&#8221;wood waste pilot project&#8221; button_text=&#8221;Read more&#8221; _builder_version=&#8221;4.24.2&#8243; _module_preset=&#8221;_initial&#8221; global_colors_info=&#8221;{%22gcid-m0fraqv3-qztm-9290-df11-7p07yu2mtcg6%22:%91%22button_text_color%22%93,%22gcid-zqmeyyr1-ozjs-tdol-t9th-kdmdqxufunhr%22:%91%22button_bg_color%22%93,%22gcid-3qvkiclf-cbga-i7f8-1xx5-l82f0oh7yg2p%22:%91%22button_bg_color__hover%22%93}&#8221; button_bg_enable_color__hover=&#8221;on&#8221;]<\/p>\n<ul>\n<li>Together with Beijer Bygg in Nacka, we have donated almost 200 meters of exhibition walls that are now used as temporary screen walls at a hospital in Stockholm.<\/li>\n<li>Recycled hard-to-place exhibition materials have been used to create amazing creations in the Royal Institute of Technology&#8217;s annual Quarneval.<\/li>\n<\/ul>\n<p>[\/et_pb_cta][\/et_pb_column][et_pb_column type=&#8221;1_2&#8243; _builder_version=&#8221;4.23.4&#8243; _module_preset=&#8221;default&#8221; global_colors_info=&#8221;{}&#8221;][et_pb_image src=&#8221;https:\/\/stockholmsmassan.se\/wp-content\/uploads\/2024\/02\/quarneval-kth-aterbruk-stockholmsmassan-1080x540px.jpg&#8221; alt=&#8221;The picture shows a large dog with long brown ears built from recycled trade fair walls. The picture shows parts of the Royal Institute of Technology&#8217;s carnival Quarnevalen.&#8221; title_text=&#8221;quarneval-kth-\u00e5terbruk-stockholmsm\u00e4ssan-1080x540px&#8221; _builder_version=&#8221;4.27.4&#8243; _module_preset=&#8221;default&#8221; background_color=&#8221;#002E77&#8243; global_colors_info=&#8221;{}&#8221;][\/et_pb_image][\/et_pb_column][\/et_pb_row][et_pb_row column_structure=&#8221;1_2,1_2&#8243; make_equal=&#8221;on&#8221; module_class=&#8221;image-text&#8221; _builder_version=&#8221;4.24.0&#8243; _module_preset=&#8221;default&#8221;][et_pb_column type=&#8221;1_2&#8243; _builder_version=&#8221;4.23.4&#8243; _module_preset=&#8221;default&#8221; global_colors_info=&#8221;{}&#8221;][et_pb_image src=&#8221;https:\/\/stockholmsmassan.se\/wp-content\/uploads\/2024\/02\/insektshotell-aterbruk-1080x540px.jpg&#8221; alt=&#8221;The picture shows an insect crawling on a wooden insect hotel built by employees at Stockholmsm\u00e4ssan. The insect hotel is hanging on a tree outside Stockholmsm\u00e4ssan.&#8221; title_text=&#8221;insect hotel reuse-1080x540px&#8221; _builder_version=&#8221;4.27.4&#8243; _module_preset=&#8221;default&#8221; background_color=&#8221;#002E77&#8243; global_colors_info=&#8221;{}&#8221;][\/et_pb_image][\/et_pb_column][et_pb_column type=&#8221;1_2&#8243; _builder_version=&#8221;4.23.4&#8243; _module_preset=&#8221;default&#8221; global_colors_info=&#8221;{}&#8221;][et_pb_cta title=&#8221;Insect hotels&#8221; button_text=&#8221;Read more&#8221; _builder_version=&#8221;4.24.1&#8243; _module_preset=&#8221;_initial&#8221; global_colors_info=&#8221;{%22gcid-m0fraqv3-qztm-9290-df11-7p07yu2mtcg6%22:%91%22button_text_color%22%93,%22gcid-zqmeyyr1-ozjs-tdol-t9th-kdmdqxufunhr%22:%91%22button_bg_color%22%93,%22gcid-3qvkiclf-cbga-i7f8-1xx5-l82f0oh7yg2p%22:%91%22button_bg_color__hover%22%93}&#8221; button_bg_enable_color__hover=&#8221;on&#8221;]<\/p>\n<p>For two days, employees at Stockholmsm\u00e4ssan built insect hotels for pollinating insects and bees from leftover fair materials. Insect hotels are designed to attract pollinating insects such as bees, bumblebees and butterflies, which are vital to ecosystems and the world&#8217;s food crops.<\/p>\n<p>The insect hotels are now hanging on some of the tree trunks around Stockholmsm\u00e4ssan and at \u00c4lvsj\u00f6 G\u00e5rd and several of the houses have found new tenants in the form of ladybirds, bumblebees and beetles.<\/p>\n<p>[\/et_pb_cta][\/et_pb_column][\/et_pb_row][\/et_pb_section]<\/p>\n","protected":false},"excerpt":{"rendered":"<p>Stockholmsm\u00e4ssan works long-term with various forms of recycling projects. All the fairs, meetings and congresses we organize should make a big impression and leave a small footprint. We recycle, reuse and repurpose as much as possible.<\/p>\n","protected":false},"author":6,"featured_media":3320784,"parent":3317036,"menu_order":0,"comment_status":"closed","ping_status":"closed","template":"","meta":{"_acf_changed":false,"_et_pb_use_builder":"on","_et_pb_old_content":"","_et_gb_content_width":"","footnotes":""},"hf_cat_page":[],"class_list":["post-3317162","page","type-page","status-publish","has-post-thumbnail","hentry"],"acf":[],"_links":{"self":[{"href":"https:\/\/stockholmsmassan.se\/en\/wp-json\/wp\/v2\/pages\/3317162","targetHints":{"allow":["GET"]}}],"collection":[{"href":"https:\/\/stockholmsmassan.se\/en\/wp-json\/wp\/v2\/pages"}],"about":[{"href":"https:\/\/stockholmsmassan.se\/en\/wp-json\/wp\/v2\/types\/page"}],"author":[{"embeddable":true,"href":"https:\/\/stockholmsmassan.se\/en\/wp-json\/wp\/v2\/users\/6"}],"replies":[{"embeddable":true,"href":"https:\/\/stockholmsmassan.se\/en\/wp-json\/wp\/v2\/comments?post=3317162"}],"version-history":[{"count":6,"href":"https:\/\/stockholmsmassan.se\/en\/wp-json\/wp\/v2\/pages\/3317162\/revisions"}],"predecessor-version":[{"id":3393867,"href":"https:\/\/stockholmsmassan.se\/en\/wp-json\/wp\/v2\/pages\/3317162\/revisions\/3393867"}],"up":[{"embeddable":true,"href":"https:\/\/stockholmsmassan.se\/en\/wp-json\/wp\/v2\/pages\/3317036"}],"wp:featuredmedia":[{"embeddable":true,"href":"https:\/\/stockholmsmassan.se\/en\/wp-json\/wp\/v2\/media\/3320784"}],"wp:attachment":[{"href":"https:\/\/stockholmsmassan.se\/en\/wp-json\/wp\/v2\/media?parent=3317162"}],"wp:term":[{"taxonomy":"hf_cat_page","embeddable":true,"href":"https:\/\/stockholmsmassan.se\/en\/wp-json\/wp\/v2\/hf_cat_page?post=3317162"}],"curies":[{"name":"wp","href":"https:\/\/api.w.org\/{rel}","templated":true}]}}