{"id":3317375,"date":"2024-02-20T12:32:53","date_gmt":"2024-02-20T11:32:53","guid":{"rendered":"https:\/\/dev.stockholmsmassan.se\/about-us\/management-and-board\/"},"modified":"2026-01-20T10:04:12","modified_gmt":"2026-01-20T09:04:12","slug":"management-and-board","status":"publish","type":"page","link":"https:\/\/stockholmsmassan.se\/en\/about-us\/management-and-board\/","title":{"rendered":"Management and Board"},"content":{"rendered":"<p>[et_pb_section fb_built=&#8221;1&#8243; custom_padding_last_edited=&#8221;on|phone&#8221; admin_label=&#8221;Hero&#8221; _builder_version=&#8221;4.24.0&#8243; _module_preset=&#8221;dcffbe7c-d829-4b92-9e28-730b66b1c6df&#8221; custom_margin_tablet=&#8221;&#8221; custom_margin_phone=&#8221;&#8221; custom_margin_last_edited=&#8221;on|phone&#8221; custom_padding_tablet=&#8221;&#8221; custom_padding_phone=&#8221;&#8221; global_colors_info=&#8221;{}&#8221; custom_days_label_text=&#8221;Days&#8221; custom_hours_label_text=&#8221;Hours&#8221; custom_minutes_label_text=&#8221;Minutes&#8221; custom_seconds_label_text=&#8221;Seconds&#8221;][et_pb_row custom_padding_last_edited=&#8221;on|phone&#8221; _builder_version=&#8221;4.24.0&#8243; _module_preset=&#8221;_initial&#8221; width_tablet=&#8221;100%&#8221; width_phone=&#8221;100%&#8221; custom_margin_tablet=&#8221;&#8221; custom_margin_phone=&#8221;&#8221; custom_margin_last_edited=&#8221;on|phone&#8221; custom_padding=&#8221;0px||0px||true|false&#8221; custom_padding_tablet=&#8221;40px||40px||true|false&#8221; custom_padding_phone=&#8221;40px||40px||true|false&#8221; custom_days_label_text=&#8221;Days&#8221; custom_hours_label_text=&#8221;Hours&#8221; custom_minutes_label_text=&#8221;Minutes&#8221; custom_seconds_label_text=&#8221;Seconds&#8221;][et_pb_column type=&#8221;4_4&#8243; _builder_version=&#8221;4.24.0&#8243; _module_preset=&#8221;default&#8221; custom_padding=&#8221;10%||40px||false|false&#8221; custom_padding_tablet=&#8221;0%|5%|30px|5%|false|true&#8221; custom_padding_phone=&#8221;||26px||false|true&#8221; custom_padding_last_edited=&#8221;on|phone&#8221; global_colors_info=&#8221;{}&#8221; custom_days_label_text=&#8221;Days&#8221; custom_hours_label_text=&#8221;Hours&#8221; custom_minutes_label_text=&#8221;Minutes&#8221; custom_seconds_label_text=&#8221;Seconds&#8221;][et_pb_text _builder_version=&#8221;4.24.3&#8243; _module_preset=&#8221;97a06755-12f6-449b-a85f-985853f9faa2&#8243; max_width_tablet=&#8221;100%&#8221; max_width_phone=&#8221;100%&#8221; max_width_last_edited=&#8221;on|phone&#8221; global_colors_info=&#8221;{}&#8221; custom_days_label_text=&#8221;Days&#8221; custom_hours_label_text=&#8221;Hours&#8221; custom_minutes_label_text=&#8221;Minutes&#8221; custom_seconds_label_text=&#8221;Seconds&#8221;]<\/p>\n<h1>Management and Board<\/h1>\n<p>Stockholmsm\u00e4ssan is owned by the City of Stockholm.<\/p>\n<p>Here you will find information about Stockholmsm\u00e4ssan&#8217;s management team,  <br \/>board and board documents from previous board meetings.<\/p>\n<p>[\/et_pb_text][\/et_pb_column][\/et_pb_row][\/et_pb_section][et_pb_section fb_built=&#8221;1&#8243; admin_label=&#8221;Text 50\/50&#8243; _builder_version=&#8221;4.27.4&#8243; _module_preset=&#8221;34b06a86-dc81-4983-919e-0fd7f286eb1b&#8221; background_color=&#8221;#FCA89D&#8221; global_colors_info=&#8221;{}&#8221; custom_days_label_text=&#8221;Days&#8221; custom_hours_label_text=&#8221;Hours&#8221; custom_minutes_label_text=&#8221;Minutes&#8221; custom_seconds_label_text=&#8221;Seconds&#8221;][et_pb_row column_structure=&#8221;1_2,1_2&#8243; custom_padding_last_edited=&#8221;on|tablet&#8221; _builder_version=&#8221;4.24.0&#8243; _module_preset=&#8221;default&#8221; custom_padding=&#8221;0px||||false|false&#8221; custom_padding_tablet=&#8221;||0px||false|false&#8221; custom_padding_phone=&#8221;||0px||false|false&#8221; locked=&#8221;off&#8221; custom_days_label_text=&#8221;Days&#8221; custom_hours_label_text=&#8221;Hours&#8221; custom_minutes_label_text=&#8221;Minutes&#8221; custom_seconds_label_text=&#8221;Seconds&#8221;][et_pb_column type=&#8221;1_2&#8243; _builder_version=&#8221;4.24.0&#8243; _module_preset=&#8221;default&#8221; global_colors_info=&#8221;{}&#8221; custom_days_label_text=&#8221;Days&#8221; custom_hours_label_text=&#8221;Hours&#8221; custom_minutes_label_text=&#8221;Minutes&#8221; custom_seconds_label_text=&#8221;Seconds&#8221;][et_pb_text _builder_version=&#8221;4.27.5&#8243; _module_preset=&#8221;default&#8221; max_width=&#8221;610px&#8221; max_width_tablet=&#8221;100%&#8221; max_width_phone=&#8221;100%&#8221; max_width_last_edited=&#8221;on|tablet&#8221; min_height=&#8221;674px&#8221; hover_enabled=&#8221;0&#8243; global_colors_info=&#8221;{}&#8221; custom_days_label_text=&#8221;Days&#8221; custom_hours_label_text=&#8221;Hours&#8221; custom_minutes_label_text=&#8221;Minutes&#8221; custom_seconds_label_text=&#8221;Seconds&#8221; sticky_enabled=&#8221;0&#8243;]<\/p>\n<p><strong>The Management Team:<\/strong><br \/>Mats Viker, CEO<br \/>Anna-Karin Werner, Director of Sales and Event Operations<br \/>Johan Lotsander, Director of Commercial Development<br \/>Lina Hann, Director of Events and Exhibitions<\/p>\n<p><strong>The Board:<\/strong><br \/>Jan Valeskog (Chair) (S)<br \/>Cecilia Brinck (Vice-President) (M)<br \/>Jan Amn\u00e9us (Member) (S)<br \/>Sultan Kayhan (Member) (S)<br \/>Thomas Ehrnstr\u00f6m (Member) (V)<br \/>Douglas Ahlberg (Member) (M)<br \/>Peter J\u00f6nsson (Member) (M)<br \/>Ulla Sj\u00f6berg (Alternate) (S)<br \/>Norma Aranda de Guti\u00e9rrez (Alternate) (S)<br \/>Jimmy Gigg Lundin (Alternate) (S)<br \/>Elisabeth Richter Hagert (Alternate) (V)<br \/>Gunnar Bj\u00f6rkman (Alternate) (M)<br \/>Urban Rybrink (Alternate) (L)<br \/>Erik Sarfors (Alternate) (C)<br \/>Bosse Ringholm (Lay auditor) (S)<br \/>Jan Lars\u00e9n (Deputy lay auditor) (M)<\/p>\n<p><strong>Union Representatives:<\/strong><br \/>Ren\u00e9e \u00c5berg (Chairperson, Unionen)<br \/>Veronica Fellevik (Vice Chairperson, Unionen)<\/p>\n<p>[\/et_pb_text][\/et_pb_column][et_pb_column type=&#8221;1_2&#8243; _builder_version=&#8221;4.24.0&#8243; _module_preset=&#8221;default&#8221; global_colors_info=&#8221;{}&#8221; custom_days_label_text=&#8221;Days&#8221; custom_hours_label_text=&#8221;Hours&#8221; custom_minutes_label_text=&#8221;Minutes&#8221; custom_seconds_label_text=&#8221;Seconds&#8221;][\/et_pb_column][\/et_pb_row][\/et_pb_section][et_pb_section fb_built=&#8221;1&#8243; admin_label=&#8221;Puffar 50\/50&#8243; _builder_version=&#8221;4.24.0&#8243; _module_preset=&#8221;default&#8221; background_color=&#8221;gcid-hnkm362j-crtw-m8j2-xpzq-gn3tj3h68iuz&#8221; custom_padding_tablet=&#8221;||0px||false|false&#8221; global_colors_info=&#8221;{%22gcid-hnkm362j-crtw-m8j2-xpzq-gn3tj3h68iuz%22:%91%22background_color%22%93}&#8221; custom_days_label_text=&#8221;Days&#8221; custom_hours_label_text=&#8221;Hours&#8221; custom_minutes_label_text=&#8221;Minutes&#8221; custom_seconds_label_text=&#8221;Seconds&#8221;][et_pb_row column_structure=&#8221;1_2,1_2&#8243; custom_padding_last_edited=&#8221;on|phone&#8221; _builder_version=&#8221;4.24.0&#8243; _module_preset=&#8221;default&#8221; custom_padding=&#8221;||14px||false|false&#8221; custom_padding_tablet=&#8221;||14px||false|false&#8221; custom_padding_phone=&#8221;||||false|false&#8221; global_colors_info=&#8221;{}&#8221; custom_days_label_text=&#8221;Days&#8221; custom_hours_label_text=&#8221;Hours&#8221; custom_minutes_label_text=&#8221;Minutes&#8221; custom_seconds_label_text=&#8221;Seconds&#8221;][et_pb_column type=&#8221;1_2&#8243; _builder_version=&#8221;4.24.0&#8243; _module_preset=&#8221;default&#8221; custom_padding_tablet=&#8221;&#8221; custom_padding_phone=&#8221;&#8221; custom_padding_last_edited=&#8221;on|phone&#8221; global_colors_info=&#8221;{}&#8221; custom_days_label_text=&#8221;Days&#8221; custom_hours_label_text=&#8221;Hours&#8221; custom_minutes_label_text=&#8221;Minutes&#8221; custom_seconds_label_text=&#8221;Seconds&#8221;][et_pb_text _builder_version=&#8221;4.24.2&#8243; _module_preset=&#8221;_initial&#8221; max_width=&#8221;610px&#8221; max_width_phone=&#8221;100%&#8221; global_colors_info=&#8221;{}&#8221; custom_days_label_text=&#8221;Days&#8221; custom_hours_label_text=&#8221;Hours&#8221; custom_minutes_label_text=&#8221;Minutes&#8221; custom_seconds_label_text=&#8221;Seconds&#8221;]<\/p>\n<h2>Board documents<\/h2>\n<p>Here you can find all our board documents from our board meetings.<\/p>\n<p>[\/et_pb_text][\/et_pb_column][et_pb_column type=&#8221;1_2&#8243; _builder_version=&#8221;4.23.4&#8243; _module_preset=&#8221;default&#8221; global_colors_info=&#8221;{}&#8221; custom_days_label_text=&#8221;Days&#8221; custom_hours_label_text=&#8221;Hours&#8221; custom_minutes_label_text=&#8221;Minutes&#8221; custom_seconds_label_text=&#8221;Seconds&#8221;][\/et_pb_column][\/et_pb_row][et_pb_row column_structure=&#8221;1_2,1_2&#8243; use_custom_gutter=&#8221;on&#8221; custom_padding_last_edited=&#8221;on|phone&#8221; _builder_version=&#8221;4.24.0&#8243; _module_preset=&#8221;default&#8221; custom_padding_tablet=&#8221;0px||||false|false&#8221; custom_padding_phone=&#8221;0px||||false|false&#8221; global_colors_info=&#8221;{}&#8221; custom_days_label_text=&#8221;Days&#8221; custom_hours_label_text=&#8221;Hours&#8221; custom_minutes_label_text=&#8221;Minutes&#8221; custom_seconds_label_text=&#8221;Seconds&#8221;][et_pb_column type=&#8221;1_2&#8243; _builder_version=&#8221;4.24.0&#8243; _module_preset=&#8221;default&#8221; global_colors_info=&#8221;{}&#8221; custom_days_label_text=&#8221;Days&#8221; custom_hours_label_text=&#8221;Hours&#8221; custom_minutes_label_text=&#8221;Minutes&#8221; custom_seconds_label_text=&#8221;Seconds&#8221;][et_pb_blurb title=&#8221;M\u00e4ssfastigheter i stockholm AB&#8221; url=&#8221;@ET-DC@eyJkeW5hbWljIjp0cnVlLCJjb250ZW50IjoicG9zdF9saW5rX3VybF9wYWdlIiwic2V0dGluZ3MiOnsicG9zdF9pZCI6IjMzMTM4NDgifX0=@&#8221; url_new_window=&#8221;on&#8221; image=&#8221;https:\/\/stockholmsmassan.se\/wp-content\/uploads\/2024\/03\/stockholmsassan-ab-styrelsehandlingar-1080x540px.jpg&#8221; alt=&#8221;picture of the entrance to the stockholm fair with people and cars moving outside the entrance.&#8221; _builder_version=&#8221;4.24.3&#8243; _dynamic_attributes=&#8221;url,link_option_url&#8221; _module_preset=&#8221;662fd16a-8028-49e0-9678-fc2b8a704e3b&#8221; link_option_url=&#8221;@ET-DC@eyJkeW5hbWljIjp0cnVlLCJjb250ZW50IjoicG9zdF9saW5rX3VybF9wYWdlIiwic2V0dGluZ3MiOnsicG9zdF9pZCI6IjMzMTM4NDgifX0=@&#8221; link_option_url_new_window=&#8221;on&#8221; locked=&#8221;off&#8221; global_colors_info=&#8221;{}&#8221; custom_days_label_text=&#8221;Days&#8221; custom_hours_label_text=&#8221;Hours&#8221; custom_minutes_label_text=&#8221;Minutes&#8221; custom_seconds_label_text=&#8221;Seconds&#8221;][\/et_pb_blurb][\/et_pb_column][et_pb_column type=&#8221;1_2&#8243; _builder_version=&#8221;4.24.0&#8243; _module_preset=&#8221;default&#8221; global_colors_info=&#8221;{}&#8221; custom_days_label_text=&#8221;Days&#8221; custom_hours_label_text=&#8221;Hours&#8221; custom_minutes_label_text=&#8221;Minutes&#8221; custom_seconds_label_text=&#8221;Seconds&#8221;][et_pb_blurb title=&#8221;Stockholmsm\u00e4ssan ab&#8221; url=&#8221;@ET-DC@eyJkeW5hbWljIjp0cnVlLCJjb250ZW50IjoicG9zdF9saW5rX3VybF9wYWdlIiwic2V0dGluZ3MiOnsicG9zdF9pZCI6IjMzMTM5NTUifX0=@&#8221; url_new_window=&#8221;on&#8221; image=&#8221;https:\/\/stockholmsmassan.se\/wp-content\/uploads\/2024\/03\/alvsjo-gard-massfastigheter-styrelsehandlingar-1080x540px.jpg&#8221; alt=&#8221;the picture shows \u00e4lvsj\u00f6 g\u00e5rd mansion in spring with purple flowers.&#8221; _builder_version=&#8221;4.24.2&#8243; _dynamic_attributes=&#8221;url,link_option_url&#8221; _module_preset=&#8221;662fd16a-8028-49e0-9678-fc2b8a704e3b&#8221; custom_padding_tablet=&#8221;&#8221; custom_padding_phone=&#8221;&#8221; custom_padding_last_edited=&#8221;on|tablet&#8221; link_option_url=&#8221;@ET-DC@eyJkeW5hbWljIjp0cnVlLCJjb250ZW50IjoicG9zdF9saW5rX3VybF9wYWdlIiwic2V0dGluZ3MiOnsicG9zdF9pZCI6IjMzMTM5NTUifX0=@&#8221; link_option_url_new_window=&#8221;on&#8221; locked=&#8221;off&#8221; global_colors_info=&#8221;{}&#8221; custom_days_label_text=&#8221;Days&#8221; custom_hours_label_text=&#8221;Hours&#8221; custom_minutes_label_text=&#8221;Minutes&#8221; custom_seconds_label_text=&#8221;Seconds&#8221;][\/et_pb_blurb][\/et_pb_column][\/et_pb_row][\/et_pb_section]<\/p>\n","protected":false},"excerpt":{"rendered":"<p>Here you will find information about Stockholmsm\u00e4ssan&#8217;s management team, board and documents from board meetings.  <\/p>\n","protected":false},"author":1,"featured_media":3320785,"parent":3317365,"menu_order":0,"comment_status":"closed","ping_status":"closed","template":"","meta":{"_acf_changed":false,"_et_pb_use_builder":"on","_et_pb_old_content":"","_et_gb_content_width":"","footnotes":""},"hf_cat_page":[],"class_list":["post-3317375","page","type-page","status-publish","has-post-thumbnail","hentry"],"acf":[],"_links":{"self":[{"href":"https:\/\/stockholmsmassan.se\/en\/wp-json\/wp\/v2\/pages\/3317375","targetHints":{"allow":["GET"]}}],"collection":[{"href":"https:\/\/stockholmsmassan.se\/en\/wp-json\/wp\/v2\/pages"}],"about":[{"href":"https:\/\/stockholmsmassan.se\/en\/wp-json\/wp\/v2\/types\/page"}],"author":[{"embeddable":true,"href":"https:\/\/stockholmsmassan.se\/en\/wp-json\/wp\/v2\/users\/1"}],"replies":[{"embeddable":true,"href":"https:\/\/stockholmsmassan.se\/en\/wp-json\/wp\/v2\/comments?post=3317375"}],"version-history":[{"count":12,"href":"https:\/\/stockholmsmassan.se\/en\/wp-json\/wp\/v2\/pages\/3317375\/revisions"}],"predecessor-version":[{"id":3426573,"href":"https:\/\/stockholmsmassan.se\/en\/wp-json\/wp\/v2\/pages\/3317375\/revisions\/3426573"}],"up":[{"embeddable":true,"href":"https:\/\/stockholmsmassan.se\/en\/wp-json\/wp\/v2\/pages\/3317365"}],"wp:featuredmedia":[{"embeddable":true,"href":"https:\/\/stockholmsmassan.se\/en\/wp-json\/wp\/v2\/media\/3320785"}],"wp:attachment":[{"href":"https:\/\/stockholmsmassan.se\/en\/wp-json\/wp\/v2\/media?parent=3317375"}],"wp:term":[{"taxonomy":"hf_cat_page","embeddable":true,"href":"https:\/\/stockholmsmassan.se\/en\/wp-json\/wp\/v2\/hf_cat_page?post=3317375"}],"curies":[{"name":"wp","href":"https:\/\/api.w.org\/{rel}","templated":true}]}}